{"id":4403,"date":"2025-01-24T10:10:44","date_gmt":"2025-01-24T10:10:44","guid":{"rendered":"https:\/\/fpfa.pt\/?page_id=4403"},"modified":"2026-04-11T09:33:05","modified_gmt":"2026-04-11T09:33:05","slug":"navigatorsdocsatletas","status":"publish","type":"page","link":"https:\/\/fpfa.pt\/en\/navigatorsdocsatletas\/","title":{"rendered":"NavigatorsDocsAtletas"},"content":{"rendered":"<div data-elementor-type=\"wp-page\" data-elementor-id=\"4403\" class=\"elementor elementor-4403\">\n\t\t\t\t<div class=\"elementor-element elementor-element-4f096e6 elementor-hidden-desktop elementor-hidden-tablet e-flex e-con-boxed wpr-particle-no wpr-jarallax-no wpr-parallax-no wpr-sticky-section-no e-con e-parent\" data-id=\"4f096e6\" data-element_type=\"container\" data-e-type=\"container\" data-settings=\"{&quot;background_background&quot;:&quot;classic&quot;}\">\n\t\t\t\t\t<div class=\"e-con-inner\">\n\t\t\t\t<div class=\"elementor-element elementor-element-cc38b64 elementor-widget__width-initial elementor-widget elementor-widget-image\" data-id=\"cc38b64\" data-element_type=\"widget\" data-e-type=\"widget\" data-widget_type=\"image.default\">\n\t\t\t\t<div class=\"elementor-widget-container\">\n\t\t\t\t\t\t\t\t\t\t\t\t\t\t\t<img fetchpriority=\"high\" decoding=\"async\" width=\"512\" height=\"512\" src=\"https:\/\/fpfa.pt\/wp-content\/uploads\/2025\/05\/cropped-Logo_2025-1.png\" class=\"attachment-full size-full wp-image-5259\" alt=\"\" srcset=\"https:\/\/fpfa.pt\/wp-content\/uploads\/2025\/05\/cropped-Logo_2025-1.png 512w, https:\/\/fpfa.pt\/wp-content\/uploads\/2025\/05\/cropped-Logo_2025-1-300x300.png 300w, https:\/\/fpfa.pt\/wp-content\/uploads\/2025\/05\/cropped-Logo_2025-1-150x150.png 150w, https:\/\/fpfa.pt\/wp-content\/uploads\/2025\/05\/cropped-Logo_2025-1-12x12.png 12w, https:\/\/fpfa.pt\/wp-content\/uploads\/2025\/05\/cropped-Logo_2025-1-270x270.png 270w, https:\/\/fpfa.pt\/wp-content\/uploads\/2025\/05\/cropped-Logo_2025-1-192x192.png 192w, https:\/\/fpfa.pt\/wp-content\/uploads\/2025\/05\/cropped-Logo_2025-1-180x180.png 180w, https:\/\/fpfa.pt\/wp-content\/uploads\/2025\/05\/cropped-Logo_2025-1-32x32.png 32w\" sizes=\"(max-width: 512px) 100vw, 512px\" \/>\t\t\t\t\t\t\t\t\t\t\t\t\t\t\t<\/div>\n\t\t\t\t<\/div>\n\t\t\t\t\t<\/div>\n\t\t\t\t<\/div>\n\t\t<div class=\"elementor-element elementor-element-5e38b83 elementor-hidden-desktop elementor-hidden-tablet e-flex e-con-boxed wpr-particle-no wpr-jarallax-no wpr-parallax-no wpr-sticky-section-no e-con e-parent\" data-id=\"5e38b83\" data-element_type=\"container\" data-e-type=\"container\" data-settings=\"{&quot;background_background&quot;:&quot;classic&quot;}\">\n\t\t\t\t\t<div class=\"e-con-inner\">\n\t\t\t\t<div class=\"elementor-element elementor-element-882a096 elementor-widget elementor-widget-heading\" data-id=\"882a096\" data-element_type=\"widget\" data-e-type=\"widget\" data-widget_type=\"heading.default\">\n\t\t\t\t<div class=\"elementor-widget-container\">\n\t\t\t\t\t<h2 class=\"elementor-heading-title elementor-size-default\">Cart\u00e3o Digital<\/h2>\t\t\t\t<\/div>\n\t\t\t\t<\/div>\n\t\t\t\t\t<\/div>\n\t\t\t\t<\/div>\n\t\t<div class=\"elementor-element elementor-element-c66e16f elementor-hidden-desktop elementor-hidden-tablet e-flex e-con-boxed wpr-particle-no wpr-jarallax-no wpr-parallax-no wpr-sticky-section-no e-con e-parent\" data-id=\"c66e16f\" data-element_type=\"container\" data-e-type=\"container\" data-settings=\"{&quot;background_background&quot;:&quot;classic&quot;}\">\n\t\t\t\t\t<div class=\"e-con-inner\">\n\t\t\t\t<div class=\"elementor-element elementor-element-34b0d5f elementor-mobile-align-center elementor-widget elementor-widget-button\" data-id=\"34b0d5f\" data-element_type=\"widget\" data-e-type=\"widget\" data-widget_type=\"button.default\">\n\t\t\t\t<div class=\"elementor-widget-container\">\n\t\t\t\t\t\t\t\t\t<div class=\"elementor-button-wrapper\">\n\t\t\t\t\t<a class=\"elementor-button elementor-button-link elementor-size-sm\" href=\"https:\/\/fpfa.pt\/en\/cartao-digital\/\">\n\t\t\t\t\t\t<span class=\"elementor-button-content-wrapper\">\n\t\t\t\t\t\t\t\t\t<span class=\"elementor-button-text\">HOME<\/span>\n\t\t\t\t\t<\/span>\n\t\t\t\t\t<\/a>\n\t\t\t\t<\/div>\n\t\t\t\t\t\t\t\t<\/div>\n\t\t\t\t<\/div>\n\t\t\t\t\t<\/div>\n\t\t\t\t<\/div>\n\t\t<div class=\"elementor-element elementor-element-3216bf3 elementor-hidden-desktop elementor-hidden-tablet e-flex e-con-boxed wpr-particle-no wpr-jarallax-no wpr-parallax-no wpr-sticky-section-no e-con e-parent\" data-id=\"3216bf3\" data-element_type=\"container\" data-e-type=\"container\" data-settings=\"{&quot;background_background&quot;:&quot;classic&quot;}\">\n\t\t\t\t\t<div class=\"e-con-inner\">\n\t\t<div class=\"elementor-element elementor-element-a8878de e-grid e-con-full wpr-particle-no wpr-jarallax-no wpr-parallax-no wpr-sticky-section-no e-con e-child\" data-id=\"a8878de\" data-element_type=\"container\" data-e-type=\"container\">\n\t\t\t\t<div class=\"elementor-element elementor-element-ef5a0c9 elementor-mobile-align-center elementor-widget elementor-widget-button\" data-id=\"ef5a0c9\" data-element_type=\"widget\" data-e-type=\"widget\" data-widget_type=\"button.default\">\n\t\t\t\t<div class=\"elementor-widget-container\">\n\t\t\t\t\t\t\t\t\t<div class=\"elementor-button-wrapper\">\n\t\t\t\t\t<a class=\"elementor-button elementor-button-link elementor-size-sm\" href=\"https:\/\/fpfa.pt\/en\/navigatorsdocscoachingstaff\/\">\n\t\t\t\t\t\t<span class=\"elementor-button-content-wrapper\">\n\t\t\t\t\t\t\t\t\t<span class=\"elementor-button-text\">COACHING STAFF<\/span>\n\t\t\t\t\t<\/span>\n\t\t\t\t\t<\/a>\n\t\t\t\t<\/div>\n\t\t\t\t\t\t\t\t<\/div>\n\t\t\t\t<\/div>\n\t\t\t\t<div class=\"elementor-element elementor-element-15a677b elementor-mobile-align-center elementor-widget elementor-widget-button\" data-id=\"15a677b\" data-element_type=\"widget\" data-e-type=\"widget\" data-widget_type=\"button.default\">\n\t\t\t\t<div class=\"elementor-widget-container\">\n\t\t\t\t\t\t\t\t\t<div class=\"elementor-button-wrapper\">\n\t\t\t\t\t<a class=\"elementor-button elementor-button-link elementor-size-sm\" href=\"https:\/\/fpfa.pt\/en\/navigatorsdocsstaff\/\">\n\t\t\t\t\t\t<span class=\"elementor-button-content-wrapper\">\n\t\t\t\t\t\t\t\t\t<span class=\"elementor-button-text\">STAFF<\/span>\n\t\t\t\t\t<\/span>\n\t\t\t\t\t<\/a>\n\t\t\t\t<\/div>\n\t\t\t\t\t\t\t\t<\/div>\n\t\t\t\t<\/div>\n\t\t\t\t<\/div>\n\t\t\t\t\t<\/div>\n\t\t\t\t<\/div>\n\t\t<div class=\"elementor-element elementor-element-aeef92a elementor-hidden-desktop elementor-hidden-tablet e-flex e-con-boxed wpr-particle-no wpr-jarallax-no wpr-parallax-no wpr-sticky-section-no e-con e-parent\" data-id=\"aeef92a\" data-element_type=\"container\" data-e-type=\"container\" data-settings=\"{&quot;background_background&quot;:&quot;classic&quot;}\">\n\t\t\t\t\t<div class=\"e-con-inner\">\n\t\t\t\t<div class=\"elementor-element elementor-element-07b7a9d elementor-widget elementor-widget-image\" data-id=\"07b7a9d\" data-element_type=\"widget\" data-e-type=\"widget\" data-widget_type=\"image.default\">\n\t\t\t\t<div class=\"elementor-widget-container\">\n\t\t\t\t\t\t\t\t\t\t\t\t\t\t\t<img decoding=\"async\" width=\"750\" height=\"750\" src=\"https:\/\/fpfa.pt\/wp-content\/uploads\/2026\/02\/Logos2023._border-1024x1024.png\" class=\"attachment-large size-large wp-image-6909\" alt=\"\" srcset=\"https:\/\/fpfa.pt\/wp-content\/uploads\/2026\/02\/Logos2023._border-1024x1024.png 1024w, https:\/\/fpfa.pt\/wp-content\/uploads\/2026\/02\/Logos2023._border-300x300.png 300w, https:\/\/fpfa.pt\/wp-content\/uploads\/2026\/02\/Logos2023._border-150x150.png 150w, https:\/\/fpfa.pt\/wp-content\/uploads\/2026\/02\/Logos2023._border-768x768.png 768w, https:\/\/fpfa.pt\/wp-content\/uploads\/2026\/02\/Logos2023._border-1536x1536.png 1536w, https:\/\/fpfa.pt\/wp-content\/uploads\/2026\/02\/Logos2023._border-12x12.png 12w, https:\/\/fpfa.pt\/wp-content\/uploads\/2026\/02\/Logos2023._border.png 1998w\" sizes=\"(max-width: 750px) 100vw, 750px\" \/>\t\t\t\t\t\t\t\t\t\t\t\t\t\t\t<\/div>\n\t\t\t\t<\/div>\n\t\t\t\t\t<\/div>\n\t\t\t\t<\/div>\n\t\t<div class=\"elementor-element elementor-element-3b6968a elementor-hidden-desktop elementor-hidden-tablet e-flex e-con-boxed wpr-particle-no wpr-jarallax-no wpr-parallax-no wpr-sticky-section-no e-con e-parent\" data-id=\"3b6968a\" data-element_type=\"container\" data-e-type=\"container\" data-settings=\"{&quot;background_background&quot;:&quot;classic&quot;}\">\n\t\t\t\t\t<div class=\"e-con-inner\">\n\t\t<div class=\"elementor-element elementor-element-da7db2c e-grid e-con-full wpr-particle-no wpr-jarallax-no wpr-parallax-no wpr-sticky-section-no e-con e-child\" data-id=\"da7db2c\" data-element_type=\"container\" data-e-type=\"container\">\n\t\t\t\t<div class=\"elementor-element elementor-element-d297ab8 elementor-widget elementor-widget-heading\" data-id=\"d297ab8\" data-element_type=\"widget\" data-e-type=\"widget\" data-widget_type=\"heading.default\">\n\t\t\t\t<div class=\"elementor-widget-container\">\n\t\t\t\t\t<h2 class=\"elementor-heading-title elementor-size-default\">Nome<\/h2>\t\t\t\t<\/div>\n\t\t\t\t<\/div>\n\t\t\t\t<div class=\"elementor-element elementor-element-30d05b1 elementor-widget elementor-widget-heading\" data-id=\"30d05b1\" data-element_type=\"widget\" data-e-type=\"widget\" data-widget_type=\"heading.default\">\n\t\t\t\t<div class=\"elementor-widget-container\">\n\t\t\t\t\t<h2 class=\"elementor-heading-title elementor-size-default\">Licen\u00e7a<\/h2>\t\t\t\t<\/div>\n\t\t\t\t<\/div>\n\t\t\t\t<\/div>\n\t\t\t\t\t<\/div>\n\t\t\t\t<\/div>\n\t\t<div class=\"elementor-element elementor-element-1a580b8 elementor-hidden-desktop elementor-hidden-tablet e-flex e-con-boxed wpr-particle-no wpr-jarallax-no wpr-parallax-no wpr-sticky-section-no e-con e-parent\" data-id=\"1a580b8\" data-element_type=\"container\" data-e-type=\"container\" data-settings=\"{&quot;background_background&quot;:&quot;classic&quot;}\">\n\t\t\t\t\t<div class=\"e-con-inner\">\n\t\t<div class=\"elementor-element elementor-element-7cc2966 e-grid e-con-full wpr-particle-no wpr-jarallax-no wpr-parallax-no wpr-sticky-section-no e-con e-child\" data-id=\"7cc2966\" data-element_type=\"container\" data-e-type=\"container\">\n\t\t\t\t<div class=\"elementor-element elementor-element-9cf24c6 elementor-widget elementor-widget-text-editor\" data-id=\"9cf24c6\" data-element_type=\"widget\" data-e-type=\"widget\" data-widget_type=\"text-editor.default\">\n\t\t\t\t<div class=\"elementor-widget-container\">\n\t\t\t\t\t\t\t\t\t<table border=\"0\" cellpadding=\"0\" cellspacing=\"0\" width=\"582\"><colgroup><col width=\"495\" \/><col width=\"87\" \/><\/colgroup><tbody><tr height=\"20\"><td height=\"20\" class=\"xl66\" width=\"495\">Alexandre Miguel Brunhoso dos Santos<\/td><td class=\"xl64\" width=\"87\">A131<\/td><\/tr><tr height=\"20\"><td height=\"20\" class=\"xl66\">Andr\u00e9 Philippe Figueiredo<\/td><td class=\"xl64\" width=\"87\">A132<\/td><\/tr><tr height=\"20\"><td height=\"20\" class=\"xl66\">Ariel Fabiano Gon\u00e7alves Fernandes de Souza<\/td><td class=\"xl64\" width=\"87\">A133<\/td><\/tr><tr height=\"20\"><td height=\"20\" class=\"xl66\">Bernardo Maria Ventura Nobre de Freitas<\/td><td class=\"xl64\" width=\"87\">A134<\/td><\/tr><tr height=\"20\"><td height=\"20\" class=\"xl66\">Bruno Miguel Caetano L\u00f3io<\/td><td class=\"xl64\" width=\"87\">A135<\/td><\/tr><tr height=\"20\"><td height=\"20\" class=\"xl66\">Carlos Alberto Nogueira<\/td><td class=\"xl64\" width=\"87\">A136<\/td><\/tr><tr height=\"20\"><td height=\"20\" class=\"xl66\">Carlos Emanuel Moreira Ferraz<\/td><td class=\"xl64\" width=\"87\">A137<\/td><\/tr><tr height=\"20\"><td height=\"20\" class=\"xl66\">David de Jesus Ferreira<\/td><td class=\"xl64\" width=\"87\">A138<\/td><\/tr><tr height=\"20\"><td height=\"20\" class=\"xl66\">Diogo Carneiro Mota<\/td><td class=\"xl64\" width=\"87\">A139<\/td><\/tr><tr height=\"20\"><td height=\"20\" class=\"xl66\">Diogo Filipe Alves Pereira e Ferreira<\/td><td class=\"xl64\" width=\"87\">A140<\/td><\/tr><tr height=\"20\"><td height=\"20\" class=\"xl66\">Edinaldo Equileu Boaventura Estrela<\/td><td class=\"xl64\" width=\"87\">A141<\/td><\/tr><tr height=\"20\"><td height=\"20\" class=\"xl66\">Elson Lamas de Castro<\/td><td class=\"xl64\" width=\"87\">A142<\/td><\/tr><tr height=\"20\"><td height=\"20\" class=\"xl66\">Filipe Ferreira Carvalho Campos<\/td><td class=\"xl64\" width=\"87\">A143<\/td><\/tr><tr height=\"20\"><td height=\"20\" class=\"xl66\">Francisco Miguel Leit\u00e3o da Costa Gon\u00e7alves<\/td><td class=\"xl64\" width=\"87\">A144<\/td><\/tr><tr height=\"20\"><td height=\"20\" class=\"xl66\">Francisco Roque Firmino Sim\u00f5es<\/td><td class=\"xl64\" width=\"87\">A145<\/td><\/tr><tr height=\"20\"><td height=\"20\" class=\"xl66\">Gustavo Artur Andrade de Pontes<\/td><td class=\"xl64\" width=\"87\">A146<\/td><\/tr><tr height=\"20\"><td height=\"20\" class=\"xl66\">Henrique Pedro Fino Ferreira<\/td><td class=\"xl64\" width=\"87\">A147<\/td><\/tr><tr height=\"20\"><td height=\"20\" class=\"xl66\">Janin Katoudi<\/td><td class=\"xl64\" width=\"87\">A148<\/td><\/tr><tr height=\"20\"><td height=\"20\" class=\"xl66\">Jefton de Jesus Paiva<\/td><td class=\"xl64\" width=\"87\">A149<\/td><\/tr><tr height=\"20\"><td height=\"20\" class=\"xl66\">Jo\u00e3o Faustino de Azevedo da Silveira Caetano<\/td><td class=\"xl64\" width=\"87\">A150<\/td><\/tr><tr height=\"20\"><td height=\"20\" class=\"xl66\">Joao Francisco Batista Machado<\/td><td class=\"xl64\" width=\"87\">A151<\/td><\/tr><tr height=\"20\"><td height=\"20\" class=\"xl66\">Jo\u00e3o Lu\u00eds Filipe Mendes<\/td><td class=\"xl64\" width=\"87\">A152<\/td><\/tr><tr height=\"20\"><td height=\"20\" class=\"xl66\">Joao Pedro Foyos Segurado Martins<\/td><td class=\"xl64\" width=\"87\">A153<\/td><\/tr><tr height=\"20\"><td height=\"20\" class=\"xl66\">Jo\u00e3o Pedro Louren\u00e7o Alexandre<\/td><td class=\"xl64\" width=\"87\">A154<\/td><\/tr><tr height=\"20\"><td height=\"20\" class=\"xl66\">Jo\u00e3o Rodrigo Noronha do Esp\u00edrito Santo e Cunha<\/td><td class=\"xl64\" width=\"87\">A155<\/td><\/tr><tr height=\"20\"><td height=\"20\" class=\"xl66\">Jo\u00e3o Vinicio Barbosa Novais<\/td><td class=\"xl64\" width=\"87\">A156<\/td><\/tr><tr height=\"20\"><td height=\"20\" class=\"xl66\">Jos\u00e9 Augusto dos Santos da Silva<\/td><td class=\"xl64\" width=\"87\">A157<\/td><\/tr><tr height=\"20\"><td height=\"20\" class=\"xl66\">Jos\u00e9 Pedro Martins de Magalh\u00e3es<\/td><td class=\"xl64\" width=\"87\">A158<\/td><\/tr><tr height=\"20\"><td height=\"20\" class=\"xl66\">Jos\u00e9 Rodrigo Gemie Vera Cruz Soares<\/td><td class=\"xl64\" width=\"87\">A159<\/td><\/tr><tr height=\"20\"><td height=\"20\" class=\"xl66\">Kyle Younghusband<\/td><td class=\"xl64\" width=\"87\">A160<\/td><\/tr><tr height=\"20\"><td height=\"20\" class=\"xl66\">Marcelo Ribeiro Teles<\/td><td class=\"xl64\" width=\"87\">A161<\/td><\/tr><tr height=\"20\"><td height=\"20\" class=\"xl66\">Micael Leandro Rangel da Silva<\/td><td class=\"xl64\" width=\"87\">A162<\/td><\/tr><tr height=\"20\"><td height=\"20\" class=\"xl66\">Miguel Francisco Delfino Silva Guerreiro<\/td><td class=\"xl64\" width=\"87\">A163<\/td><\/tr><tr height=\"20\"><td height=\"20\" class=\"xl66\">Miguel Moura Bastos Bernardo<\/td><td class=\"xl64\" width=\"87\">A164<\/td><\/tr><tr height=\"20\"><td height=\"20\" class=\"xl66\">Nuno Lopes Carvalho da Cunha Rodrigues<\/td><td class=\"xl64\" width=\"87\">A165<\/td><\/tr><tr height=\"20\"><td height=\"20\" class=\"xl66\">Paulo C\u00e9sar Campos Silva<\/td><td class=\"xl64\" width=\"87\">A166<\/td><\/tr><tr height=\"20\"><td height=\"20\" class=\"xl66\">Rafael Santos da silva<\/td><td class=\"xl64\" width=\"87\">A167<\/td><\/tr><tr height=\"20\"><td height=\"20\" class=\"xl66\">Ricardo Alexandre Faia<\/td><td class=\"xl64\" width=\"87\">A168<\/td><\/tr><tr height=\"20\"><td height=\"20\" class=\"xl66\">Ricardo Jorge Le\u00e3o Escudeiro<\/td><td class=\"xl64\" width=\"87\">A169<\/td><\/tr><tr height=\"20\"><td height=\"20\" class=\"xl66\">Ricardo Jorge Matias Ladeira<\/td><td class=\"xl64\" width=\"87\">A170<\/td><\/tr><tr height=\"20\"><td height=\"20\" class=\"xl66\">Ricardo M\u00e1rcio Tavares dos Santos<\/td><td class=\"xl64\" width=\"87\">A171<\/td><\/tr><tr height=\"20\"><td height=\"20\" class=\"xl66\">Rodrigo Andr\u00e9 Rodrigues Ribeiro<\/td><td class=\"xl64\" width=\"87\">A172<\/td><\/tr><tr height=\"20\"><td height=\"20\" class=\"xl66\">Rodrigo Miguel Guerra Carvalho<\/td><td class=\"xl64\" width=\"87\">A173<\/td><\/tr><tr height=\"20\"><td height=\"20\" class=\"xl66\">Rodrigo Salgueiro de Bastos<\/td><td class=\"xl64\" width=\"87\">A174<\/td><\/tr><tr height=\"20\"><td height=\"20\" class=\"xl66\">Salvador Henriques Vaz Beja<\/td><td class=\"xl64\" width=\"87\">A175<\/td><\/tr><tr height=\"20\"><td height=\"20\" class=\"xl66\">Sebasti\u00e3o Galv\u00e3o Teles Santos Pereira<\/td><td class=\"xl64\" width=\"87\">A176<\/td><\/tr><tr height=\"20\"><td height=\"20\" class=\"xl66\">S\u00e9rgio Calheiros Luzita<\/td><td class=\"xl64\" width=\"87\">A177<\/td><\/tr><tr height=\"20\"><td height=\"20\" class=\"xl66\">Sim\u00e3o Pedro Ferreira Pais<\/td><td class=\"xl64\" width=\"87\">A178<\/td><\/tr><tr height=\"20\"><td height=\"20\" class=\"xl66\">Tiago Filipe Gon\u00e7alves dos Santos \u00c1vila<\/td><td class=\"xl64\" width=\"87\">A179<\/td><\/tr><tr height=\"20\"><td height=\"20\" class=\"xl66\">Tiago Miguel Matias Ladeira<\/td><td class=\"xl64\" width=\"87\">A180<\/td><\/tr><tr height=\"20\"><td height=\"20\" class=\"xl66\">Tomas Pacheco<\/td><td class=\"xl64\" width=\"87\">A181<\/td><\/tr><tr height=\"20\"><td height=\"20\" class=\"xl66\">D\u00e1rio Domingos Rom\u00e3o Manuel<\/td><td class=\"xl64\" width=\"87\">A305<\/td><\/tr><tr height=\"20\"><td height=\"20\" class=\"xl66\">Rafael Matias Almeida<\/td><td class=\"xl64\" width=\"87\">A322<\/td><\/tr><tr height=\"20\"><td height=\"20\" class=\"xl66\">Danilano do Ros\u00e1rio de Almeida Bunga<\/td><td class=\"xl64\" width=\"87\">A323<\/td><\/tr><tr height=\"20\"><td height=\"20\" class=\"xl66\">Henrique Gabriel da Costa Santos<\/td><td class=\"xl64\" width=\"87\">A324<\/td><\/tr><tr height=\"20\"><td height=\"20\" class=\"xl66\">Douglas Allan Marques<\/td><td class=\"xl64\" width=\"87\">A325<\/td><\/tr><tr height=\"20\"><td height=\"20\" class=\"xl66\">Bruno Miguel Ataide Fortes<\/td><td class=\"xl64\" width=\"87\">A333<\/td><\/tr><tr height=\"20\"><td height=\"20\" class=\"xl66\">Edwin Leandro de Carvalho Victorino<\/td><td class=\"xl64\" width=\"87\">A334<\/td><\/tr><tr height=\"20\"><td height=\"20\" class=\"xl66\">Bruce Ant\u00f3nio Tavares Furtado<\/td><td class=\"xl64\" width=\"87\">A337<\/td><\/tr><tr height=\"20\"><td height=\"20\" class=\"xl66\">Daniel Jos\u00e9 de Almeida Louren\u00e7o<\/td><td class=\"xl64\" width=\"87\">A338<\/td><\/tr><tr height=\"20\"><td height=\"20\" class=\"xl66\">Diogo Henrique Bandeira Soares Santos Furtado<\/td><td class=\"xl64\" width=\"87\">A339<\/td><\/tr><\/tbody><\/table>\t\t\t\t\t\t\t\t<\/div>\n\t\t\t\t<\/div>\n\t\t\t\t<\/div>\n\t\t\t\t\t<\/div>\n\t\t\t\t<\/div>\n\t\t\t\t<\/div>","protected":false},"excerpt":{"rendered":"<p>Cart\u00e3o Digital HOME COACHING STAFF STAFF Nome Licen\u00e7a Alexandre Miguel Brunhoso dos Santos A131 Andr\u00e9 Philippe Figueiredo A132 Ariel Fabiano Gon\u00e7alves Fernandes de Souza A133 Bernardo Maria Ventura Nobre de Freitas A134 Bruno Miguel Caetano L\u00f3io A135 Carlos Alberto Nogueira A136 Carlos Emanuel Moreira Ferraz A137 David de Jesus Ferreira<\/p>","protected":false},"author":1,"featured_media":0,"parent":0,"menu_order":0,"comment_status":"closed","ping_status":"closed","template":"page-templates\/template-pagebuilder-full-width.php","meta":{"_monsterinsights_skip_tracking":false,"_monsterinsights_sitenote_active":false,"_monsterinsights_sitenote_note":"","_monsterinsights_sitenote_category":0,"footnotes":""},"class_list":["post-4403","page","type-page","status-publish","hentry"],"_links":{"self":[{"href":"https:\/\/fpfa.pt\/en\/wp-json\/wp\/v2\/pages\/4403","targetHints":{"allow":["GET"]}}],"collection":[{"href":"https:\/\/fpfa.pt\/en\/wp-json\/wp\/v2\/pages"}],"about":[{"href":"https:\/\/fpfa.pt\/en\/wp-json\/wp\/v2\/types\/page"}],"author":[{"embeddable":true,"href":"https:\/\/fpfa.pt\/en\/wp-json\/wp\/v2\/users\/1"}],"replies":[{"embeddable":true,"href":"https:\/\/fpfa.pt\/en\/wp-json\/wp\/v2\/comments?post=4403"}],"version-history":[{"count":34,"href":"https:\/\/fpfa.pt\/en\/wp-json\/wp\/v2\/pages\/4403\/revisions"}],"predecessor-version":[{"id":8391,"href":"https:\/\/fpfa.pt\/en\/wp-json\/wp\/v2\/pages\/4403\/revisions\/8391"}],"wp:attachment":[{"href":"https:\/\/fpfa.pt\/en\/wp-json\/wp\/v2\/media?parent=4403"}],"curies":[{"name":"wp","href":"https:\/\/api.w.org\/{rel}","templated":true}]}}