{"id":4312,"date":"2025-01-18T10:58:02","date_gmt":"2025-01-18T10:58:02","guid":{"rendered":"https:\/\/fpfa.pt\/?page_id=4312"},"modified":"2026-04-17T13:52:50","modified_gmt":"2026-04-17T13:52:50","slug":"warriorsdocsatletas","status":"publish","type":"page","link":"https:\/\/fpfa.pt\/en\/warriorsdocsatletas\/","title":{"rendered":"WarriorsDocsAtletas"},"content":{"rendered":"<div data-elementor-type=\"wp-page\" data-elementor-id=\"4312\" class=\"elementor elementor-4312\">\n\t\t\t\t<div class=\"elementor-element elementor-element-0286acf elementor-hidden-desktop elementor-hidden-tablet e-flex e-con-boxed wpr-particle-no wpr-jarallax-no wpr-parallax-no wpr-sticky-section-no e-con e-parent\" data-id=\"0286acf\" data-element_type=\"container\" data-e-type=\"container\" data-settings=\"{&quot;background_background&quot;:&quot;classic&quot;}\">\n\t\t\t\t\t<div class=\"e-con-inner\">\n\t\t\t\t<div class=\"elementor-element elementor-element-765a805 elementor-widget__width-initial elementor-widget elementor-widget-image\" data-id=\"765a805\" data-element_type=\"widget\" data-e-type=\"widget\" data-widget_type=\"image.default\">\n\t\t\t\t<div class=\"elementor-widget-container\">\n\t\t\t\t\t\t\t\t\t\t\t\t\t\t\t<img fetchpriority=\"high\" decoding=\"async\" width=\"512\" height=\"512\" src=\"https:\/\/fpfa.pt\/wp-content\/uploads\/2025\/05\/cropped-Logo_2025-1.png\" class=\"attachment-full size-full wp-image-5259\" alt=\"\" srcset=\"https:\/\/fpfa.pt\/wp-content\/uploads\/2025\/05\/cropped-Logo_2025-1.png 512w, https:\/\/fpfa.pt\/wp-content\/uploads\/2025\/05\/cropped-Logo_2025-1-300x300.png 300w, https:\/\/fpfa.pt\/wp-content\/uploads\/2025\/05\/cropped-Logo_2025-1-150x150.png 150w, https:\/\/fpfa.pt\/wp-content\/uploads\/2025\/05\/cropped-Logo_2025-1-12x12.png 12w, https:\/\/fpfa.pt\/wp-content\/uploads\/2025\/05\/cropped-Logo_2025-1-270x270.png 270w, https:\/\/fpfa.pt\/wp-content\/uploads\/2025\/05\/cropped-Logo_2025-1-192x192.png 192w, https:\/\/fpfa.pt\/wp-content\/uploads\/2025\/05\/cropped-Logo_2025-1-180x180.png 180w, https:\/\/fpfa.pt\/wp-content\/uploads\/2025\/05\/cropped-Logo_2025-1-32x32.png 32w\" sizes=\"(max-width: 512px) 100vw, 512px\" \/>\t\t\t\t\t\t\t\t\t\t\t\t\t\t\t<\/div>\n\t\t\t\t<\/div>\n\t\t\t\t\t<\/div>\n\t\t\t\t<\/div>\n\t\t<div class=\"elementor-element elementor-element-349af0f elementor-hidden-desktop elementor-hidden-tablet e-flex e-con-boxed wpr-particle-no wpr-jarallax-no wpr-parallax-no wpr-sticky-section-no e-con e-parent\" data-id=\"349af0f\" data-element_type=\"container\" data-e-type=\"container\" data-settings=\"{&quot;background_background&quot;:&quot;classic&quot;}\">\n\t\t\t\t\t<div class=\"e-con-inner\">\n\t\t\t\t<div class=\"elementor-element elementor-element-e2ac858 elementor-widget elementor-widget-heading\" data-id=\"e2ac858\" data-element_type=\"widget\" data-e-type=\"widget\" data-widget_type=\"heading.default\">\n\t\t\t\t<div class=\"elementor-widget-container\">\n\t\t\t\t\t<h2 class=\"elementor-heading-title elementor-size-default\">Cart\u00e3o Digital<\/h2>\t\t\t\t<\/div>\n\t\t\t\t<\/div>\n\t\t\t\t\t<\/div>\n\t\t\t\t<\/div>\n\t\t<div class=\"elementor-element elementor-element-76ec6f5 elementor-hidden-desktop elementor-hidden-tablet e-flex e-con-boxed wpr-particle-no wpr-jarallax-no wpr-parallax-no wpr-sticky-section-no e-con e-parent\" data-id=\"76ec6f5\" data-element_type=\"container\" data-e-type=\"container\" data-settings=\"{&quot;background_background&quot;:&quot;classic&quot;}\">\n\t\t\t\t\t<div class=\"e-con-inner\">\n\t\t\t\t<div class=\"elementor-element elementor-element-3d9bbdf elementor-mobile-align-center elementor-widget elementor-widget-button\" data-id=\"3d9bbdf\" data-element_type=\"widget\" data-e-type=\"widget\" data-widget_type=\"button.default\">\n\t\t\t\t<div class=\"elementor-widget-container\">\n\t\t\t\t\t\t\t\t\t<div class=\"elementor-button-wrapper\">\n\t\t\t\t\t<a class=\"elementor-button elementor-button-link elementor-size-sm\" href=\"https:\/\/fpfa.pt\/en\/cartao-digital\/\">\n\t\t\t\t\t\t<span class=\"elementor-button-content-wrapper\">\n\t\t\t\t\t\t\t\t\t<span class=\"elementor-button-text\">HOME<\/span>\n\t\t\t\t\t<\/span>\n\t\t\t\t\t<\/a>\n\t\t\t\t<\/div>\n\t\t\t\t\t\t\t\t<\/div>\n\t\t\t\t<\/div>\n\t\t\t\t\t<\/div>\n\t\t\t\t<\/div>\n\t\t<div class=\"elementor-element elementor-element-f93dd67 elementor-hidden-desktop elementor-hidden-tablet e-flex e-con-boxed wpr-particle-no wpr-jarallax-no wpr-parallax-no wpr-sticky-section-no e-con e-parent\" data-id=\"f93dd67\" data-element_type=\"container\" data-e-type=\"container\" data-settings=\"{&quot;background_background&quot;:&quot;classic&quot;}\">\n\t\t\t\t\t<div class=\"e-con-inner\">\n\t\t<div class=\"elementor-element elementor-element-59d8be0 elementor-hidden-desktop elementor-hidden-tablet e-con-full e-flex wpr-particle-no wpr-jarallax-no wpr-parallax-no wpr-sticky-section-no e-con e-child\" data-id=\"59d8be0\" data-element_type=\"container\" data-e-type=\"container\" data-settings=\"{&quot;background_background&quot;:&quot;classic&quot;}\">\n\t\t<div class=\"elementor-element elementor-element-1cd5388 e-grid e-con-full wpr-particle-no wpr-jarallax-no wpr-parallax-no wpr-sticky-section-no e-con e-child\" data-id=\"1cd5388\" data-element_type=\"container\" data-e-type=\"container\">\n\t\t\t\t<div class=\"elementor-element elementor-element-c24560b elementor-mobile-align-center elementor-widget elementor-widget-button\" data-id=\"c24560b\" data-element_type=\"widget\" data-e-type=\"widget\" data-widget_type=\"button.default\">\n\t\t\t\t<div class=\"elementor-widget-container\">\n\t\t\t\t\t\t\t\t\t<div class=\"elementor-button-wrapper\">\n\t\t\t\t\t<a class=\"elementor-button elementor-button-link elementor-size-sm\" href=\"https:\/\/fpfa.pt\/en\/warriorsdocscoachingstaff\/\">\n\t\t\t\t\t\t<span class=\"elementor-button-content-wrapper\">\n\t\t\t\t\t\t\t\t\t<span class=\"elementor-button-text\">COACHING STAFF<\/span>\n\t\t\t\t\t<\/span>\n\t\t\t\t\t<\/a>\n\t\t\t\t<\/div>\n\t\t\t\t\t\t\t\t<\/div>\n\t\t\t\t<\/div>\n\t\t\t\t<div class=\"elementor-element elementor-element-618f87f elementor-mobile-align-center elementor-widget elementor-widget-button\" data-id=\"618f87f\" data-element_type=\"widget\" data-e-type=\"widget\" data-widget_type=\"button.default\">\n\t\t\t\t<div class=\"elementor-widget-container\">\n\t\t\t\t\t\t\t\t\t<div class=\"elementor-button-wrapper\">\n\t\t\t\t\t<a class=\"elementor-button elementor-button-link elementor-size-sm\" href=\"https:\/\/fpfa.pt\/en\/warriorsdocsstaff\/\">\n\t\t\t\t\t\t<span class=\"elementor-button-content-wrapper\">\n\t\t\t\t\t\t\t\t\t<span class=\"elementor-button-text\">STAFF<\/span>\n\t\t\t\t\t<\/span>\n\t\t\t\t\t<\/a>\n\t\t\t\t<\/div>\n\t\t\t\t\t\t\t\t<\/div>\n\t\t\t\t<\/div>\n\t\t\t\t<\/div>\n\t\t\t\t<\/div>\n\t\t\t\t\t<\/div>\n\t\t\t\t<\/div>\n\t\t<div class=\"elementor-element elementor-element-1dc9e6f elementor-hidden-desktop elementor-hidden-tablet e-flex e-con-boxed wpr-particle-no wpr-jarallax-no wpr-parallax-no wpr-sticky-section-no e-con e-parent\" data-id=\"1dc9e6f\" data-element_type=\"container\" data-e-type=\"container\" data-settings=\"{&quot;background_background&quot;:&quot;classic&quot;}\">\n\t\t\t\t\t<div class=\"e-con-inner\">\n\t\t\t\t<div class=\"elementor-element elementor-element-f42f272 elementor-widget elementor-widget-image\" data-id=\"f42f272\" data-element_type=\"widget\" data-e-type=\"widget\" data-widget_type=\"image.default\">\n\t\t\t\t<div class=\"elementor-widget-container\">\n\t\t\t\t\t\t\t\t\t\t\t\t\t\t\t<img decoding=\"async\" width=\"300\" height=\"300\" src=\"https:\/\/fpfa.pt\/wp-content\/uploads\/2024\/08\/WarriorsBranco.png\" class=\"attachment-large size-large wp-image-1648\" alt=\"\" srcset=\"https:\/\/fpfa.pt\/wp-content\/uploads\/2024\/08\/WarriorsBranco.png 300w, https:\/\/fpfa.pt\/wp-content\/uploads\/2024\/08\/WarriorsBranco-150x150.png 150w\" sizes=\"(max-width: 300px) 100vw, 300px\" \/>\t\t\t\t\t\t\t\t\t\t\t\t\t\t\t<\/div>\n\t\t\t\t<\/div>\n\t\t\t\t\t<\/div>\n\t\t\t\t<\/div>\n\t\t<div class=\"elementor-element elementor-element-de56613 elementor-hidden-desktop elementor-hidden-tablet e-flex e-con-boxed wpr-particle-no wpr-jarallax-no wpr-parallax-no wpr-sticky-section-no e-con e-parent\" data-id=\"de56613\" data-element_type=\"container\" data-e-type=\"container\" data-settings=\"{&quot;background_background&quot;:&quot;classic&quot;}\">\n\t\t\t\t\t<div class=\"e-con-inner\">\n\t\t<div class=\"elementor-element elementor-element-08d8fdc e-grid e-con-full wpr-particle-no wpr-jarallax-no wpr-parallax-no wpr-sticky-section-no e-con e-child\" data-id=\"08d8fdc\" data-element_type=\"container\" data-e-type=\"container\">\n\t\t\t\t<div class=\"elementor-element elementor-element-b2210cb elementor-widget elementor-widget-heading\" data-id=\"b2210cb\" data-element_type=\"widget\" data-e-type=\"widget\" data-widget_type=\"heading.default\">\n\t\t\t\t<div class=\"elementor-widget-container\">\n\t\t\t\t\t<h2 class=\"elementor-heading-title elementor-size-default\">Nome<\/h2>\t\t\t\t<\/div>\n\t\t\t\t<\/div>\n\t\t\t\t<div class=\"elementor-element elementor-element-d419a29 elementor-widget elementor-widget-heading\" data-id=\"d419a29\" data-element_type=\"widget\" data-e-type=\"widget\" data-widget_type=\"heading.default\">\n\t\t\t\t<div class=\"elementor-widget-container\">\n\t\t\t\t\t<h2 class=\"elementor-heading-title elementor-size-default\">Licen\u00e7a<\/h2>\t\t\t\t<\/div>\n\t\t\t\t<\/div>\n\t\t\t\t<\/div>\n\t\t\t\t\t<\/div>\n\t\t\t\t<\/div>\n\t\t<div class=\"elementor-element elementor-element-f65c01d elementor-hidden-desktop elementor-hidden-tablet e-flex e-con-boxed wpr-particle-no wpr-jarallax-no wpr-parallax-no wpr-sticky-section-no e-con e-parent\" data-id=\"f65c01d\" data-element_type=\"container\" data-e-type=\"container\" data-settings=\"{&quot;background_background&quot;:&quot;classic&quot;}\">\n\t\t\t\t\t<div class=\"e-con-inner\">\n\t\t<div class=\"elementor-element elementor-element-68a0261 e-grid e-con-full wpr-particle-no wpr-jarallax-no wpr-parallax-no wpr-sticky-section-no e-con e-child\" data-id=\"68a0261\" data-element_type=\"container\" data-e-type=\"container\">\n\t\t\t\t<div class=\"elementor-element elementor-element-575ac84 elementor-widget elementor-widget-text-editor\" data-id=\"575ac84\" data-element_type=\"widget\" data-e-type=\"widget\" data-widget_type=\"text-editor.default\">\n\t\t\t\t<div class=\"elementor-widget-container\">\n\t\t\t\t\t\t\t\t\t<table border=\"0\" cellpadding=\"0\" cellspacing=\"0\" width=\"582\"><colgroup><col width=\"495\" \/><col width=\"87\" \/><\/colgroup><tbody><tr height=\"20\"><td height=\"20\" class=\"xl66\" width=\"495\">Afonso Ferreira Vinhas<\/td><td class=\"xl64\" width=\"87\">A81<\/td><\/tr><tr height=\"20\"><td height=\"20\" class=\"xl66\">Ambr\u00f3sio Miguel<\/td><td class=\"xl64\" width=\"87\">A82<\/td><\/tr><tr height=\"20\"><td height=\"20\" class=\"xl66\">Andre Emanuel Abreu Pinheiro<\/td><td class=\"xl64\" width=\"87\">A83<\/td><\/tr><tr height=\"20\"><td height=\"20\" class=\"xl66\">Breno Jos\u00e9 Costa Garcia<\/td><td class=\"xl64\" width=\"87\">A84<\/td><\/tr><tr height=\"20\"><td height=\"20\" class=\"xl66\">Cheong Hoi<\/td><td class=\"xl64\" width=\"87\">A85<\/td><\/tr><tr height=\"20\"><td height=\"20\" class=\"xl66\">Cristiano Valente<\/td><td class=\"xl64\" width=\"87\">A86<\/td><\/tr><tr height=\"20\"><td height=\"20\" class=\"xl66\">Daniel Pinho Cid Oliveira\u00a0<\/td><td class=\"xl64\" width=\"87\">A87<\/td><\/tr><tr height=\"20\"><td height=\"20\" class=\"xl66\">Diogo Ramos Const\u00e2ncio<\/td><td class=\"xl64\" width=\"87\">A88<\/td><\/tr><tr height=\"20\"><td height=\"20\" class=\"xl66\">Francisco da Cruz Vila Nova\u00a0<\/td><td class=\"xl64\" width=\"87\">A89<\/td><\/tr><tr height=\"20\"><td height=\"20\" class=\"xl66\">Francisco Rafael Teixeira Branco<\/td><td class=\"xl64\" width=\"87\">A90<\/td><\/tr><tr height=\"20\"><td height=\"20\" class=\"xl66\">Guilherme Coutinho<\/td><td class=\"xl64\" width=\"87\">A91<\/td><\/tr><tr height=\"20\"><td height=\"20\" class=\"xl66\">Henrique Morais Pereira<\/td><td class=\"xl64\" width=\"87\">A92<\/td><\/tr><tr height=\"20\"><td height=\"20\" class=\"xl66\">Hugo Ferreira Magalh\u00e3es<\/td><td class=\"xl64\" width=\"87\">A93<\/td><\/tr><tr height=\"20\"><td height=\"20\" class=\"xl66\">Jo\u00e3o Esteves<\/td><td class=\"xl64\" width=\"87\">A94<\/td><\/tr><tr height=\"20\"><td height=\"20\" class=\"xl66\">Jo\u00e3o Filipe Marinho Parada<\/td><td class=\"xl64\" width=\"87\">A95<\/td><\/tr><tr height=\"20\"><td height=\"20\" class=\"xl66\">Jo\u00e3o Paulo Rodrigues<\/td><td class=\"xl64\" width=\"87\">A96<\/td><\/tr><tr height=\"20\"><td height=\"20\" class=\"xl66\">Jo\u00e3o Pitrez<\/td><td class=\"xl64\" width=\"87\">A97<\/td><\/tr><tr height=\"20\"><td height=\"20\" class=\"xl66\">Jo\u00e3o Ribeiro<\/td><td class=\"xl64\" width=\"87\">A98<\/td><\/tr><tr height=\"20\"><td height=\"20\" class=\"xl66\">Jo\u00e3o Vitor Almeida<\/td><td class=\"xl64\" width=\"87\">A99<\/td><\/tr><tr height=\"20\"><td height=\"20\" class=\"xl66\">Jos\u00e9 Carlos Pereira Vieira da Rocha Fernandes<\/td><td class=\"xl64\" width=\"87\">A100<\/td><\/tr><tr height=\"20\"><td height=\"20\" class=\"xl66\">Jos\u00e9 Daniel Magalh\u00e3es Gon\u00e7alves<\/td><td class=\"xl64\" width=\"87\">A101<\/td><\/tr><tr height=\"20\"><td height=\"20\" class=\"xl66\">Jos\u00e9 Magalh\u00e3es<\/td><td class=\"xl64\" width=\"87\">A102<\/td><\/tr><tr height=\"20\"><td height=\"20\" class=\"xl66\">Julio Martinez Arnaldo<\/td><td class=\"xl64\" width=\"87\">A103<\/td><\/tr><tr height=\"20\"><td height=\"20\" class=\"xl66\">Leandro Paulo Sousa de Lima<\/td><td class=\"xl64\" width=\"87\">A104<\/td><\/tr><tr height=\"20\"><td height=\"20\" class=\"xl66\">Leandro Zeferino Gon\u00e7alves<\/td><td class=\"xl64\" width=\"87\">A105<\/td><\/tr><tr height=\"20\"><td height=\"20\" class=\"xl66\">Leonardo Jorge Rizk<\/td><td class=\"xl64\" width=\"87\">A106<\/td><\/tr><tr height=\"20\"><td height=\"20\" class=\"xl66\">Lu\u00eds Felipe Soares da Silva<\/td><td class=\"xl64\" width=\"87\">A107<\/td><\/tr><tr height=\"20\"><td height=\"20\" class=\"xl66\">Lu\u00eds Miguel Jorge Neves\u00a0<\/td><td class=\"xl64\" width=\"87\">A108<\/td><\/tr><tr height=\"20\"><td height=\"20\" class=\"xl66\">Lu\u00eds Pedro Martins Rodrigues<\/td><td class=\"xl64\" width=\"87\">A109<\/td><\/tr><tr height=\"20\"><td height=\"20\" class=\"xl66\">Manuel Ant\u00f3nio Silva<\/td><td class=\"xl64\" width=\"87\">A110<\/td><\/tr><tr height=\"20\"><td height=\"20\" class=\"xl66\">Manuel Jos\u00e9 Ribeiro da Costa Seixas<\/td><td class=\"xl64\" width=\"87\">A111<\/td><\/tr><tr height=\"20\"><td height=\"20\" class=\"xl66\">M\u00e1rio Dila Nascimento<\/td><td class=\"xl64\" width=\"87\">A112<\/td><\/tr><tr height=\"20\"><td height=\"20\" class=\"xl66\">M\u00e1rio Gil Pinto Sequeira<\/td><td class=\"xl64\" width=\"87\">A113<\/td><\/tr><tr height=\"20\"><td height=\"20\" class=\"xl66\">Nelson Jos\u00e9 Silva Martins\u00a0<\/td><td class=\"xl64\" width=\"87\">A114<\/td><\/tr><tr height=\"20\"><td height=\"20\" class=\"xl66\">Oleksandr Pivnev<\/td><td class=\"xl64\" width=\"87\">A115<\/td><\/tr><tr height=\"20\"><td height=\"20\" class=\"xl66\">Pedro Aquino Ara\u00fajo<\/td><td class=\"xl64\" width=\"87\">A116<\/td><\/tr><tr height=\"20\"><td height=\"20\" class=\"xl66\">Pedro Fortini Silva<\/td><td class=\"xl64\" width=\"87\">A117<\/td><\/tr><tr height=\"20\"><td height=\"20\" class=\"xl66\">Pedro Miguel Fernandes da Silva<\/td><td class=\"xl64\" width=\"87\">A118<\/td><\/tr><tr height=\"20\"><td height=\"20\" class=\"xl66\">Pedro Miguel Pereira Gomes<\/td><td class=\"xl64\" width=\"87\">A119<\/td><\/tr><tr height=\"20\"><td height=\"20\" class=\"xl66\">Rafael Fabiano<\/td><td class=\"xl64\" width=\"87\">A120<\/td><\/tr><tr height=\"20\"><td height=\"20\" class=\"xl66\">Rafael Martins Vila\u00e7a<\/td><td class=\"xl64\" width=\"87\">A121<\/td><\/tr><tr height=\"20\"><td height=\"20\" class=\"xl66\">Renato Alves\u00a0<\/td><td class=\"xl64\" width=\"87\">A122<\/td><\/tr><tr height=\"20\"><td height=\"20\" class=\"xl66\">Roberto Villareal<\/td><td class=\"xl64\" width=\"87\">A123<\/td><\/tr><tr height=\"20\"><td height=\"20\" class=\"xl66\">Ronaldo Cau De Oliveira\u00a0<\/td><td class=\"xl64\" width=\"87\">A124<\/td><\/tr><tr height=\"20\"><td height=\"20\" class=\"xl66\">R\u00faben Gon\u00e7alves<\/td><td class=\"xl64\" width=\"87\">A125<\/td><\/tr><tr height=\"20\"><td height=\"20\" class=\"xl66\">Rui Vieira de Brito\u00a0<\/td><td class=\"xl64\" width=\"87\">A126<\/td><\/tr><tr height=\"20\"><td height=\"20\" class=\"xl66\">Tiago Ferreira da Costa\u00a0<\/td><td class=\"xl64\" width=\"87\">A127<\/td><\/tr><tr height=\"20\"><td height=\"20\" class=\"xl66\">Tiago Sim\u00f5es Ranhada Mendes<\/td><td class=\"xl64\" width=\"87\">A128<\/td><\/tr><tr height=\"20\"><td height=\"20\" class=\"xl66\">Vinicius Cavalcanti Maia<\/td><td class=\"xl64\" width=\"87\">A129<\/td><\/tr><tr height=\"20\"><td height=\"20\" class=\"xl66\">William Vagner dos Santos Mucury\u00a0<\/td><td class=\"xl64\" width=\"87\">A130<\/td><\/tr><tr height=\"20\"><td height=\"20\" class=\"xl66\">F\u00e1bio Parangu\u00e1<\/td><td class=\"xl64\" width=\"87\">A182<\/td><\/tr><tr height=\"20\"><td height=\"20\" class=\"xl66\">Vitor Hugo Sousa Mendes<\/td><td class=\"xl64\" width=\"87\">A183<\/td><\/tr><tr height=\"20\"><td height=\"20\" class=\"xl67\">Andr\u00e9 Filipe Pinto da Silva<\/td><td class=\"xl64\" width=\"87\">A340<\/td><\/tr><tr height=\"20\"><td height=\"20\" class=\"xl68\">Cl\u00e1udio Daniel Marques Lopes<\/td><td class=\"xl64\" width=\"87\">A341<\/td><\/tr><\/tbody><\/table><p><\/p><div><\/div>\t\t\t\t\t\t\t\t<\/div>\n\t\t\t\t<\/div>\n\t\t\t\t<\/div>\n\t\t\t\t\t<\/div>\n\t\t\t\t<\/div>\n\t\t\t\t<\/div>","protected":false},"excerpt":{"rendered":"<p>Cart\u00e3o Digital HOME COACHING STAFF STAFF Nome Licen\u00e7a Afonso Ferreira Vinhas A81 Ambr\u00f3sio Miguel A82 Andre Emanuel Abreu Pinheiro A83 Breno Jos\u00e9 Costa Garcia A84 Cheong Hoi A85 Cristiano Valente A86 Daniel Pinho Cid Oliveira\u00a0 A87 Diogo Ramos Const\u00e2ncio A88 Francisco da Cruz Vila Nova\u00a0 A89 Francisco Rafael Teixeira Branco<\/p>","protected":false},"author":1,"featured_media":0,"parent":0,"menu_order":0,"comment_status":"closed","ping_status":"closed","template":"page-templates\/template-pagebuilder-full-width.php","meta":{"_monsterinsights_skip_tracking":false,"_monsterinsights_sitenote_active":false,"_monsterinsights_sitenote_note":"","_monsterinsights_sitenote_category":0,"footnotes":""},"class_list":["post-4312","page","type-page","status-publish","hentry"],"_links":{"self":[{"href":"https:\/\/fpfa.pt\/en\/wp-json\/wp\/v2\/pages\/4312","targetHints":{"allow":["GET"]}}],"collection":[{"href":"https:\/\/fpfa.pt\/en\/wp-json\/wp\/v2\/pages"}],"about":[{"href":"https:\/\/fpfa.pt\/en\/wp-json\/wp\/v2\/types\/page"}],"author":[{"embeddable":true,"href":"https:\/\/fpfa.pt\/en\/wp-json\/wp\/v2\/users\/1"}],"replies":[{"embeddable":true,"href":"https:\/\/fpfa.pt\/en\/wp-json\/wp\/v2\/comments?post=4312"}],"version-history":[{"count":37,"href":"https:\/\/fpfa.pt\/en\/wp-json\/wp\/v2\/pages\/4312\/revisions"}],"predecessor-version":[{"id":8417,"href":"https:\/\/fpfa.pt\/en\/wp-json\/wp\/v2\/pages\/4312\/revisions\/8417"}],"wp:attachment":[{"href":"https:\/\/fpfa.pt\/en\/wp-json\/wp\/v2\/media?parent=4312"}],"curies":[{"name":"wp","href":"https:\/\/api.w.org\/{rel}","templated":true}]}}