{"id":4188,"date":"2025-01-10T21:37:28","date_gmt":"2025-01-10T21:37:28","guid":{"rendered":"https:\/\/fpfa.pt\/?page_id=4188"},"modified":"2026-02-02T09:12:47","modified_gmt":"2026-02-02T09:12:47","slug":"muttsdocsatletas","status":"publish","type":"page","link":"https:\/\/fpfa.pt\/en\/muttsdocsatletas\/","title":{"rendered":"MuttsDocsAtletas"},"content":{"rendered":"<div data-elementor-type=\"wp-page\" data-elementor-id=\"4188\" class=\"elementor elementor-4188\">\n\t\t\t\t<div class=\"elementor-element elementor-element-0de9976 elementor-hidden-desktop elementor-hidden-tablet e-flex e-con-boxed wpr-particle-no wpr-jarallax-no wpr-parallax-no wpr-sticky-section-no e-con e-parent\" data-id=\"0de9976\" data-element_type=\"container\" data-e-type=\"container\" data-settings=\"{&quot;background_background&quot;:&quot;classic&quot;}\">\n\t\t\t\t\t<div class=\"e-con-inner\">\n\t\t\t\t<div class=\"elementor-element elementor-element-390564b elementor-widget__width-initial elementor-widget elementor-widget-image\" data-id=\"390564b\" data-element_type=\"widget\" data-e-type=\"widget\" data-widget_type=\"image.default\">\n\t\t\t\t<div class=\"elementor-widget-container\">\n\t\t\t\t\t\t\t\t\t\t\t\t\t\t\t<img fetchpriority=\"high\" decoding=\"async\" width=\"512\" height=\"512\" src=\"https:\/\/fpfa.pt\/wp-content\/uploads\/2025\/05\/cropped-Logo_2025-1.png\" class=\"attachment-full size-full wp-image-5259\" alt=\"\" srcset=\"https:\/\/fpfa.pt\/wp-content\/uploads\/2025\/05\/cropped-Logo_2025-1.png 512w, https:\/\/fpfa.pt\/wp-content\/uploads\/2025\/05\/cropped-Logo_2025-1-300x300.png 300w, https:\/\/fpfa.pt\/wp-content\/uploads\/2025\/05\/cropped-Logo_2025-1-150x150.png 150w, https:\/\/fpfa.pt\/wp-content\/uploads\/2025\/05\/cropped-Logo_2025-1-12x12.png 12w, https:\/\/fpfa.pt\/wp-content\/uploads\/2025\/05\/cropped-Logo_2025-1-270x270.png 270w, https:\/\/fpfa.pt\/wp-content\/uploads\/2025\/05\/cropped-Logo_2025-1-192x192.png 192w, https:\/\/fpfa.pt\/wp-content\/uploads\/2025\/05\/cropped-Logo_2025-1-180x180.png 180w, https:\/\/fpfa.pt\/wp-content\/uploads\/2025\/05\/cropped-Logo_2025-1-32x32.png 32w\" sizes=\"(max-width: 512px) 100vw, 512px\" \/>\t\t\t\t\t\t\t\t\t\t\t\t\t\t\t<\/div>\n\t\t\t\t<\/div>\n\t\t\t\t\t<\/div>\n\t\t\t\t<\/div>\n\t\t<div class=\"elementor-element elementor-element-67f8c1d elementor-hidden-desktop elementor-hidden-tablet e-flex e-con-boxed wpr-particle-no wpr-jarallax-no wpr-parallax-no wpr-sticky-section-no e-con e-parent\" data-id=\"67f8c1d\" data-element_type=\"container\" data-e-type=\"container\" data-settings=\"{&quot;background_background&quot;:&quot;classic&quot;}\">\n\t\t\t\t\t<div class=\"e-con-inner\">\n\t\t\t\t<div class=\"elementor-element elementor-element-79780ba elementor-widget elementor-widget-heading\" data-id=\"79780ba\" data-element_type=\"widget\" data-e-type=\"widget\" data-widget_type=\"heading.default\">\n\t\t\t\t<div class=\"elementor-widget-container\">\n\t\t\t\t\t<h2 class=\"elementor-heading-title elementor-size-default\">Cart\u00e3o Digital<\/h2>\t\t\t\t<\/div>\n\t\t\t\t<\/div>\n\t\t\t\t\t<\/div>\n\t\t\t\t<\/div>\n\t\t<div class=\"elementor-element elementor-element-50311e2 elementor-hidden-desktop elementor-hidden-tablet e-flex e-con-boxed wpr-particle-no wpr-jarallax-no wpr-parallax-no wpr-sticky-section-no e-con e-parent\" data-id=\"50311e2\" data-element_type=\"container\" data-e-type=\"container\" data-settings=\"{&quot;background_background&quot;:&quot;classic&quot;}\">\n\t\t\t\t\t<div class=\"e-con-inner\">\n\t\t\t\t<div class=\"elementor-element elementor-element-da2db16 elementor-mobile-align-center elementor-widget elementor-widget-button\" data-id=\"da2db16\" data-element_type=\"widget\" data-e-type=\"widget\" data-widget_type=\"button.default\">\n\t\t\t\t<div class=\"elementor-widget-container\">\n\t\t\t\t\t\t\t\t\t<div class=\"elementor-button-wrapper\">\n\t\t\t\t\t<a class=\"elementor-button elementor-button-link elementor-size-sm\" href=\"https:\/\/fpfa.pt\/en\/cartao-digital\/\">\n\t\t\t\t\t\t<span class=\"elementor-button-content-wrapper\">\n\t\t\t\t\t\t\t\t\t<span class=\"elementor-button-text\">HOME<\/span>\n\t\t\t\t\t<\/span>\n\t\t\t\t\t<\/a>\n\t\t\t\t<\/div>\n\t\t\t\t\t\t\t\t<\/div>\n\t\t\t\t<\/div>\n\t\t\t\t\t<\/div>\n\t\t\t\t<\/div>\n\t\t<div class=\"elementor-element elementor-element-4837b47 elementor-hidden-desktop elementor-hidden-tablet e-flex e-con-boxed wpr-particle-no wpr-jarallax-no wpr-parallax-no wpr-sticky-section-no e-con e-parent\" data-id=\"4837b47\" data-element_type=\"container\" data-e-type=\"container\" data-settings=\"{&quot;background_background&quot;:&quot;classic&quot;}\">\n\t\t\t\t\t<div class=\"e-con-inner\">\n\t\t<div class=\"elementor-element elementor-element-a80750d elementor-hidden-desktop elementor-hidden-tablet e-con-full e-flex wpr-particle-no wpr-jarallax-no wpr-parallax-no wpr-sticky-section-no e-con e-child\" data-id=\"a80750d\" data-element_type=\"container\" data-e-type=\"container\" data-settings=\"{&quot;background_background&quot;:&quot;classic&quot;}\">\n\t\t<div class=\"elementor-element elementor-element-234baaf e-grid e-con-full wpr-particle-no wpr-jarallax-no wpr-parallax-no wpr-sticky-section-no e-con e-child\" data-id=\"234baaf\" data-element_type=\"container\" data-e-type=\"container\">\n\t\t\t\t<div class=\"elementor-element elementor-element-0e16be7 elementor-mobile-align-center elementor-widget elementor-widget-button\" data-id=\"0e16be7\" data-element_type=\"widget\" data-e-type=\"widget\" data-widget_type=\"button.default\">\n\t\t\t\t<div class=\"elementor-widget-container\">\n\t\t\t\t\t\t\t\t\t<div class=\"elementor-button-wrapper\">\n\t\t\t\t\t<a class=\"elementor-button elementor-button-link elementor-size-sm\" href=\"https:\/\/fpfa.pt\/en\/muttsdocscoachingstaff\/\">\n\t\t\t\t\t\t<span class=\"elementor-button-content-wrapper\">\n\t\t\t\t\t\t\t\t\t<span class=\"elementor-button-text\">COACHING STAFF<\/span>\n\t\t\t\t\t<\/span>\n\t\t\t\t\t<\/a>\n\t\t\t\t<\/div>\n\t\t\t\t\t\t\t\t<\/div>\n\t\t\t\t<\/div>\n\t\t\t\t<div class=\"elementor-element elementor-element-680dc44 elementor-mobile-align-center elementor-widget elementor-widget-button\" data-id=\"680dc44\" data-element_type=\"widget\" data-e-type=\"widget\" data-widget_type=\"button.default\">\n\t\t\t\t<div class=\"elementor-widget-container\">\n\t\t\t\t\t\t\t\t\t<div class=\"elementor-button-wrapper\">\n\t\t\t\t\t<a class=\"elementor-button elementor-button-link elementor-size-sm\" href=\"https:\/\/fpfa.pt\/en\/mutts-docs-staff\/\">\n\t\t\t\t\t\t<span class=\"elementor-button-content-wrapper\">\n\t\t\t\t\t\t\t\t\t<span class=\"elementor-button-text\">STAFF<\/span>\n\t\t\t\t\t<\/span>\n\t\t\t\t\t<\/a>\n\t\t\t\t<\/div>\n\t\t\t\t\t\t\t\t<\/div>\n\t\t\t\t<\/div>\n\t\t\t\t<\/div>\n\t\t\t\t<\/div>\n\t\t\t\t\t<\/div>\n\t\t\t\t<\/div>\n\t\t<div class=\"elementor-element elementor-element-43b2ce2 elementor-hidden-desktop elementor-hidden-tablet e-flex e-con-boxed wpr-particle-no wpr-jarallax-no wpr-parallax-no wpr-sticky-section-no e-con e-parent\" data-id=\"43b2ce2\" data-element_type=\"container\" data-e-type=\"container\" data-settings=\"{&quot;background_background&quot;:&quot;classic&quot;}\">\n\t\t\t\t\t<div class=\"e-con-inner\">\n\t\t\t\t<div class=\"elementor-element elementor-element-5aacc65 elementor-widget elementor-widget-image\" data-id=\"5aacc65\" data-element_type=\"widget\" data-e-type=\"widget\" data-widget_type=\"image.default\">\n\t\t\t\t<div class=\"elementor-widget-container\">\n\t\t\t\t\t\t\t\t\t\t\t\t\t\t\t<img decoding=\"async\" width=\"300\" height=\"300\" src=\"https:\/\/fpfa.pt\/wp-content\/uploads\/2024\/07\/Mutts.png\" class=\"attachment-large size-large wp-image-32\" alt=\"\" srcset=\"https:\/\/fpfa.pt\/wp-content\/uploads\/2024\/07\/Mutts.png 300w, https:\/\/fpfa.pt\/wp-content\/uploads\/2024\/07\/Mutts-150x150.png 150w\" sizes=\"(max-width: 300px) 100vw, 300px\" \/>\t\t\t\t\t\t\t\t\t\t\t\t\t\t\t<\/div>\n\t\t\t\t<\/div>\n\t\t\t\t\t<\/div>\n\t\t\t\t<\/div>\n\t\t<div class=\"elementor-element elementor-element-1ef06f2 elementor-hidden-desktop elementor-hidden-tablet e-flex e-con-boxed wpr-particle-no wpr-jarallax-no wpr-parallax-no wpr-sticky-section-no e-con e-parent\" data-id=\"1ef06f2\" data-element_type=\"container\" data-e-type=\"container\" data-settings=\"{&quot;background_background&quot;:&quot;classic&quot;}\">\n\t\t\t\t\t<div class=\"e-con-inner\">\n\t\t<div class=\"elementor-element elementor-element-f3dc0be e-grid e-con-full wpr-particle-no wpr-jarallax-no wpr-parallax-no wpr-sticky-section-no e-con e-child\" data-id=\"f3dc0be\" data-element_type=\"container\" data-e-type=\"container\">\n\t\t\t\t<div class=\"elementor-element elementor-element-b7f1485 elementor-widget elementor-widget-heading\" data-id=\"b7f1485\" data-element_type=\"widget\" data-e-type=\"widget\" data-widget_type=\"heading.default\">\n\t\t\t\t<div class=\"elementor-widget-container\">\n\t\t\t\t\t<h2 class=\"elementor-heading-title elementor-size-default\">Nome<\/h2>\t\t\t\t<\/div>\n\t\t\t\t<\/div>\n\t\t\t\t<div class=\"elementor-element elementor-element-4a251bd elementor-widget elementor-widget-heading\" data-id=\"4a251bd\" data-element_type=\"widget\" data-e-type=\"widget\" data-widget_type=\"heading.default\">\n\t\t\t\t<div class=\"elementor-widget-container\">\n\t\t\t\t\t<h2 class=\"elementor-heading-title elementor-size-default\">Licen\u00e7a<\/h2>\t\t\t\t<\/div>\n\t\t\t\t<\/div>\n\t\t\t\t<\/div>\n\t\t\t\t\t<\/div>\n\t\t\t\t<\/div>\n\t\t<div class=\"elementor-element elementor-element-152ffc0 elementor-hidden-desktop elementor-hidden-tablet e-flex e-con-boxed wpr-particle-no wpr-jarallax-no wpr-parallax-no wpr-sticky-section-no e-con e-parent\" data-id=\"152ffc0\" data-element_type=\"container\" data-e-type=\"container\" data-settings=\"{&quot;background_background&quot;:&quot;classic&quot;}\">\n\t\t\t\t\t<div class=\"e-con-inner\">\n\t\t<div class=\"elementor-element elementor-element-73782c4 e-grid e-con-full wpr-particle-no wpr-jarallax-no wpr-parallax-no wpr-sticky-section-no e-con e-child\" data-id=\"73782c4\" data-element_type=\"container\" data-e-type=\"container\">\n\t\t\t\t<div class=\"elementor-element elementor-element-e80fac8 elementor-widget elementor-widget-text-editor\" data-id=\"e80fac8\" data-element_type=\"widget\" data-e-type=\"widget\" data-widget_type=\"text-editor.default\">\n\t\t\t\t<div class=\"elementor-widget-container\">\n\t\t\t\t\t\t\t\t\t<table border=\"0\" cellpadding=\"0\" cellspacing=\"0\" width=\"582\"><colgroup> <col width=\"495\" \/> <col width=\"87\" \/><\/colgroup><tbody><tr height=\"20\"><td height=\"20\" class=\"xl67\" width=\"495\">Ant\u00f3nio Manuel Mendes Pinheiro<\/td><td class=\"xl66\" width=\"87\">A54<\/td><\/tr><tr height=\"20\"><td height=\"20\" class=\"xl67\">Ant\u00f3nio Maria Valente Sarmento de Oliveira<\/td><td class=\"xl66\" width=\"87\">A55<\/td><\/tr><tr height=\"20\"><td height=\"20\" class=\"xl67\">Arthur Machado de Faria Gomes<\/td><td class=\"xl66\" width=\"87\">A56<\/td><\/tr><tr height=\"20\"><td height=\"20\" class=\"xl67\">Danilo Jose dos Santos<\/td><td class=\"xl66\" width=\"87\">A57<\/td><\/tr><tr height=\"20\"><td height=\"20\" class=\"xl67\">Dinis Maria Valente Sarmento de Oliveira<\/td><td class=\"xl66\" width=\"87\">A58<\/td><\/tr><tr height=\"20\"><td height=\"20\" class=\"xl67\">Francisco Dias Ribeiro e Casal Pelayo<\/td><td class=\"xl66\" width=\"87\">A59<\/td><\/tr><tr height=\"20\"><td height=\"20\" class=\"xl67\">Francisco Maria Barreira Bandeira<\/td><td class=\"xl66\" width=\"87\">A60<\/td><\/tr><tr height=\"20\"><td height=\"20\" class=\"xl67\">Gon\u00e7alo Cardoso Monge<\/td><td class=\"xl66\" width=\"87\">A61<\/td><\/tr><tr height=\"20\"><td height=\"20\" class=\"xl67\">Gon\u00e7alo de Sousa Andrade<\/td><td class=\"xl66\" width=\"87\">A62<\/td><\/tr><tr height=\"20\"><td height=\"20\" class=\"xl67\">Gon\u00e7alo Vragas Cruz Dias<\/td><td class=\"xl66\" width=\"87\">A63<\/td><\/tr><tr height=\"20\"><td height=\"20\" class=\"xl67\">Gustavo Mazari Sgobbi<\/td><td class=\"xl66\" width=\"87\">A64<\/td><\/tr><tr height=\"20\"><td height=\"20\" class=\"xl67\">Hern\u00e2ni Miguel de Azevedo Madaleno<\/td><td class=\"xl66\" width=\"87\">A65<\/td><\/tr><tr height=\"20\"><td height=\"20\" class=\"xl67\">Hugo Alexandre Ferreira Silva<\/td><td class=\"xl66\" width=\"87\">A66<\/td><\/tr><tr height=\"20\"><td height=\"20\" class=\"xl67\">Jo\u00e3o Gil Cardoso Santos da Cruz<\/td><td class=\"xl66\" width=\"87\">A67<\/td><\/tr><tr height=\"20\"><td height=\"20\" class=\"xl67\">Jo\u00e3o Manuel Oliveira Dos Santos Resende<\/td><td class=\"xl66\" width=\"87\">A68<\/td><\/tr><tr height=\"20\"><td height=\"20\" class=\"xl67\">Jo\u00e3o Miguel Pessoa Sousa<\/td><td class=\"xl66\" width=\"87\">A69<\/td><\/tr><tr height=\"20\"><td height=\"20\" class=\"xl67\">Jo\u00e3o Silva Rodrigues<\/td><td class=\"xl66\" width=\"87\">A70<\/td><\/tr><tr height=\"20\"><td height=\"20\" class=\"xl67\">Josu\u00e9 Carneiro Chaves<\/td><td class=\"xl66\" width=\"87\">A71<\/td><\/tr><tr height=\"20\"><td height=\"20\" class=\"xl67\">Konstantin Pletenev<\/td><td class=\"xl66\" width=\"87\">A72<\/td><\/tr><tr height=\"20\"><td height=\"20\" class=\"xl67\">Mateus Henrique Bomfim Teixeira<\/td><td class=\"xl66\" width=\"87\">A73<\/td><\/tr><tr height=\"20\"><td height=\"20\" class=\"xl67\">Rui Filipe Mota Reis<\/td><td class=\"xl66\" width=\"87\">A74<\/td><\/tr><tr height=\"20\"><td height=\"20\" class=\"xl67\">Rui Pedro Ribeiro Neves<\/td><td class=\"xl66\" width=\"87\">A75<\/td><\/tr><tr height=\"20\"><td height=\"20\" class=\"xl67\">Thiago Souza De Jesus Gon\u00e7alves<\/td><td class=\"xl66\" width=\"87\">A76<\/td><\/tr><tr height=\"20\"><td height=\"20\" class=\"xl67\">Tiago Alexandre Delgado de Pina<\/td><td class=\"xl66\" width=\"87\">A77<\/td><\/tr><tr height=\"20\"><td height=\"20\" class=\"xl67\">Tiago Daniel Silva Lopes<\/td><td class=\"xl66\" width=\"87\">A78<\/td><\/tr><tr height=\"20\"><td height=\"20\" class=\"xl67\">Tom\u00e1s Fonseca Gon\u00e7alves<\/td><td class=\"xl66\" width=\"87\">A79<\/td><\/tr><tr height=\"20\"><td height=\"20\" class=\"xl67\">Tom\u00e1s Prior Pend\u00e3o<\/td><td class=\"xl66\" width=\"87\">A80<\/td><\/tr><\/tbody><\/table><table border=\"0\" cellpadding=\"0\" cellspacing=\"0\" width=\"582\"><colgroup><col width=\"495\" \/><col width=\"87\" \/><\/colgroup><tbody><tr height=\"20\"><td height=\"20\" class=\"xl67\" width=\"495\">Daniel Filipe da Silva Dias<\/td><td class=\"xl66\" width=\"87\" zindent=\"0\" zrotate=\"0\">A295<\/td><\/tr><tr height=\"20\"><td height=\"20\" class=\"xl67\" zindent=\"0\" zrotate=\"0\">Deniz Lopes G\u00fcnes<\/td><td class=\"xl66\" width=\"87\">A296<\/td><\/tr><tr height=\"20\"><td height=\"20\" class=\"xl67\" zindent=\"0\" zrotate=\"0\">Allison F\u00e1bio de Sousa Xavier da Gama\u00a0<\/td><td class=\"xl66\" width=\"87\">A297<\/td><\/tr><tr height=\"20\"><td height=\"20\" class=\"xl67\" zindent=\"0\" zrotate=\"0\">Tarc\u00edsio Gomes Lopes Filho\u00a0<\/td><td class=\"xl66\" width=\"87\">A298<\/td><\/tr><tr height=\"20\"><td height=\"20\" class=\"xl67\" zindent=\"0\" zrotate=\"0\">F\u00e1bio Miguel Rodrigues da Rocha\u00a0<\/td><td class=\"xl66\" width=\"87\">A299<\/td><\/tr><tr height=\"20\"><td height=\"20\" class=\"xl67\" zindent=\"0\" zrotate=\"0\">Alexandre Carvalho Gouveia Mexedo\u00a0<\/td><td class=\"xl66\" width=\"87\">A300<\/td><\/tr><tr height=\"20\"><td height=\"20\" class=\"xl67\" zindent=\"0\" zrotate=\"0\">Jack Laidlaw Cunningham<\/td><td class=\"xl66\" width=\"87\">A301<\/td><\/tr><\/tbody><\/table>\t\t\t\t\t\t\t\t<\/div>\n\t\t\t\t<\/div>\n\t\t\t\t<\/div>\n\t\t\t\t\t<\/div>\n\t\t\t\t<\/div>\n\t\t\t\t<\/div>","protected":false},"excerpt":{"rendered":"<p>Cart\u00e3o Digital HOME COACHING STAFF STAFF Nome Licen\u00e7a Ant\u00f3nio Manuel Mendes Pinheiro A54 Ant\u00f3nio Maria Valente Sarmento de Oliveira A55 Arthur Machado de Faria Gomes A56 Danilo Jose dos Santos A57 Dinis Maria Valente Sarmento de Oliveira A58 Francisco Dias Ribeiro e Casal Pelayo A59 Francisco Maria Barreira Bandeira A60<\/p>","protected":false},"author":1,"featured_media":0,"parent":0,"menu_order":0,"comment_status":"closed","ping_status":"closed","template":"page-templates\/template-pagebuilder-full-width.php","meta":{"_monsterinsights_skip_tracking":false,"_monsterinsights_sitenote_active":false,"_monsterinsights_sitenote_note":"","_monsterinsights_sitenote_category":0,"footnotes":""},"class_list":["post-4188","page","type-page","status-publish","hentry"],"_links":{"self":[{"href":"https:\/\/fpfa.pt\/en\/wp-json\/wp\/v2\/pages\/4188","targetHints":{"allow":["GET"]}}],"collection":[{"href":"https:\/\/fpfa.pt\/en\/wp-json\/wp\/v2\/pages"}],"about":[{"href":"https:\/\/fpfa.pt\/en\/wp-json\/wp\/v2\/types\/page"}],"author":[{"embeddable":true,"href":"https:\/\/fpfa.pt\/en\/wp-json\/wp\/v2\/users\/1"}],"replies":[{"embeddable":true,"href":"https:\/\/fpfa.pt\/en\/wp-json\/wp\/v2\/comments?post=4188"}],"version-history":[{"count":37,"href":"https:\/\/fpfa.pt\/en\/wp-json\/wp\/v2\/pages\/4188\/revisions"}],"predecessor-version":[{"id":6880,"href":"https:\/\/fpfa.pt\/en\/wp-json\/wp\/v2\/pages\/4188\/revisions\/6880"}],"wp:attachment":[{"href":"https:\/\/fpfa.pt\/en\/wp-json\/wp\/v2\/media?parent=4188"}],"curies":[{"name":"wp","href":"https:\/\/api.w.org\/{rel}","templated":true}]}}