{"id":4144,"date":"2025-01-09T21:24:18","date_gmt":"2025-01-09T21:24:18","guid":{"rendered":"https:\/\/fpfa.pt\/?page_id=4144"},"modified":"2026-04-03T06:59:44","modified_gmt":"2026-04-03T06:59:44","slug":"bulldogsdocsatletas","status":"publish","type":"page","link":"https:\/\/fpfa.pt\/en\/bulldogsdocsatletas\/","title":{"rendered":"BulldogsDocsAtletas"},"content":{"rendered":"<div data-elementor-type=\"wp-page\" data-elementor-id=\"4144\" class=\"elementor elementor-4144\">\n\t\t\t\t<div class=\"elementor-element elementor-element-aa87785 elementor-hidden-desktop elementor-hidden-tablet e-flex e-con-boxed wpr-particle-no wpr-jarallax-no wpr-parallax-no wpr-sticky-section-no e-con e-parent\" data-id=\"aa87785\" data-element_type=\"container\" data-e-type=\"container\" data-settings=\"{&quot;background_background&quot;:&quot;classic&quot;}\">\n\t\t\t\t\t<div class=\"e-con-inner\">\n\t\t\t\t<div class=\"elementor-element elementor-element-d4f1060 elementor-widget__width-initial elementor-widget elementor-widget-image\" data-id=\"d4f1060\" data-element_type=\"widget\" data-e-type=\"widget\" data-widget_type=\"image.default\">\n\t\t\t\t<div class=\"elementor-widget-container\">\n\t\t\t\t\t\t\t\t\t\t\t\t\t\t\t<img fetchpriority=\"high\" decoding=\"async\" width=\"512\" height=\"512\" src=\"https:\/\/fpfa.pt\/wp-content\/uploads\/2025\/05\/cropped-Logo_2025-1.png\" class=\"attachment-full size-full wp-image-5259\" alt=\"\" srcset=\"https:\/\/fpfa.pt\/wp-content\/uploads\/2025\/05\/cropped-Logo_2025-1.png 512w, https:\/\/fpfa.pt\/wp-content\/uploads\/2025\/05\/cropped-Logo_2025-1-300x300.png 300w, https:\/\/fpfa.pt\/wp-content\/uploads\/2025\/05\/cropped-Logo_2025-1-150x150.png 150w, https:\/\/fpfa.pt\/wp-content\/uploads\/2025\/05\/cropped-Logo_2025-1-12x12.png 12w, https:\/\/fpfa.pt\/wp-content\/uploads\/2025\/05\/cropped-Logo_2025-1-270x270.png 270w, https:\/\/fpfa.pt\/wp-content\/uploads\/2025\/05\/cropped-Logo_2025-1-192x192.png 192w, https:\/\/fpfa.pt\/wp-content\/uploads\/2025\/05\/cropped-Logo_2025-1-180x180.png 180w, https:\/\/fpfa.pt\/wp-content\/uploads\/2025\/05\/cropped-Logo_2025-1-32x32.png 32w\" sizes=\"(max-width: 512px) 100vw, 512px\" \/>\t\t\t\t\t\t\t\t\t\t\t\t\t\t\t<\/div>\n\t\t\t\t<\/div>\n\t\t\t\t\t<\/div>\n\t\t\t\t<\/div>\n\t\t<div class=\"elementor-element elementor-element-8cc4f9e elementor-hidden-desktop elementor-hidden-tablet e-flex e-con-boxed wpr-particle-no wpr-jarallax-no wpr-parallax-no wpr-sticky-section-no e-con e-parent\" data-id=\"8cc4f9e\" data-element_type=\"container\" data-e-type=\"container\" data-settings=\"{&quot;background_background&quot;:&quot;classic&quot;}\">\n\t\t\t\t\t<div class=\"e-con-inner\">\n\t\t\t\t<div class=\"elementor-element elementor-element-e8c7286 elementor-widget elementor-widget-heading\" data-id=\"e8c7286\" data-element_type=\"widget\" data-e-type=\"widget\" data-widget_type=\"heading.default\">\n\t\t\t\t<div class=\"elementor-widget-container\">\n\t\t\t\t\t<h2 class=\"elementor-heading-title elementor-size-default\">Cart\u00e3o Digital<\/h2>\t\t\t\t<\/div>\n\t\t\t\t<\/div>\n\t\t\t\t\t<\/div>\n\t\t\t\t<\/div>\n\t\t<div class=\"elementor-element elementor-element-a739ca1 elementor-hidden-desktop elementor-hidden-tablet e-flex e-con-boxed wpr-particle-no wpr-jarallax-no wpr-parallax-no wpr-sticky-section-no e-con e-parent\" data-id=\"a739ca1\" data-element_type=\"container\" data-e-type=\"container\" data-settings=\"{&quot;background_background&quot;:&quot;classic&quot;}\">\n\t\t\t\t\t<div class=\"e-con-inner\">\n\t\t\t\t<div class=\"elementor-element elementor-element-b2ebfb2 elementor-mobile-align-center elementor-widget elementor-widget-button\" data-id=\"b2ebfb2\" data-element_type=\"widget\" data-e-type=\"widget\" data-widget_type=\"button.default\">\n\t\t\t\t<div class=\"elementor-widget-container\">\n\t\t\t\t\t\t\t\t\t<div class=\"elementor-button-wrapper\">\n\t\t\t\t\t<a class=\"elementor-button elementor-button-link elementor-size-sm\" href=\"https:\/\/fpfa.pt\/en\/cartao-digital\/\">\n\t\t\t\t\t\t<span class=\"elementor-button-content-wrapper\">\n\t\t\t\t\t\t\t\t\t<span class=\"elementor-button-text\">HOME<\/span>\n\t\t\t\t\t<\/span>\n\t\t\t\t\t<\/a>\n\t\t\t\t<\/div>\n\t\t\t\t\t\t\t\t<\/div>\n\t\t\t\t<\/div>\n\t\t\t\t\t<\/div>\n\t\t\t\t<\/div>\n\t\t<div class=\"elementor-element elementor-element-b7555cf elementor-hidden-desktop elementor-hidden-tablet e-flex e-con-boxed wpr-particle-no wpr-jarallax-no wpr-parallax-no wpr-sticky-section-no e-con e-parent\" data-id=\"b7555cf\" data-element_type=\"container\" data-e-type=\"container\" data-settings=\"{&quot;background_background&quot;:&quot;classic&quot;}\">\n\t\t\t\t\t<div class=\"e-con-inner\">\n\t\t<div class=\"elementor-element elementor-element-e933b82 elementor-hidden-desktop elementor-hidden-tablet e-con-full e-flex wpr-particle-no wpr-jarallax-no wpr-parallax-no wpr-sticky-section-no e-con e-child\" data-id=\"e933b82\" data-element_type=\"container\" data-e-type=\"container\" data-settings=\"{&quot;background_background&quot;:&quot;classic&quot;}\">\n\t\t<div class=\"elementor-element elementor-element-c38a515 e-grid e-con-full wpr-particle-no wpr-jarallax-no wpr-parallax-no wpr-sticky-section-no e-con e-child\" data-id=\"c38a515\" data-element_type=\"container\" data-e-type=\"container\">\n\t\t\t\t<div class=\"elementor-element elementor-element-e6cedfe elementor-mobile-align-center elementor-widget elementor-widget-button\" data-id=\"e6cedfe\" data-element_type=\"widget\" data-e-type=\"widget\" data-widget_type=\"button.default\">\n\t\t\t\t<div class=\"elementor-widget-container\">\n\t\t\t\t\t\t\t\t\t<div class=\"elementor-button-wrapper\">\n\t\t\t\t\t<a class=\"elementor-button elementor-button-link elementor-size-sm\" href=\"https:\/\/fpfa.pt\/en\/bulldogsdocscoachingstaff\/\">\n\t\t\t\t\t\t<span class=\"elementor-button-content-wrapper\">\n\t\t\t\t\t\t\t\t\t<span class=\"elementor-button-text\">COACHING STAFF<\/span>\n\t\t\t\t\t<\/span>\n\t\t\t\t\t<\/a>\n\t\t\t\t<\/div>\n\t\t\t\t\t\t\t\t<\/div>\n\t\t\t\t<\/div>\n\t\t\t\t<div class=\"elementor-element elementor-element-a2d1c5f elementor-mobile-align-center elementor-widget elementor-widget-button\" data-id=\"a2d1c5f\" data-element_type=\"widget\" data-e-type=\"widget\" data-widget_type=\"button.default\">\n\t\t\t\t<div class=\"elementor-widget-container\">\n\t\t\t\t\t\t\t\t\t<div class=\"elementor-button-wrapper\">\n\t\t\t\t\t<a class=\"elementor-button elementor-size-sm\" role=\"button\">\n\t\t\t\t\t\t<span class=\"elementor-button-content-wrapper\">\n\t\t\t\t\t\t\t\t\t<span class=\"elementor-button-text\">STAFF<\/span>\n\t\t\t\t\t<\/span>\n\t\t\t\t\t<\/a>\n\t\t\t\t<\/div>\n\t\t\t\t\t\t\t\t<\/div>\n\t\t\t\t<\/div>\n\t\t\t\t<\/div>\n\t\t\t\t<\/div>\n\t\t\t\t\t<\/div>\n\t\t\t\t<\/div>\n\t\t<div class=\"elementor-element elementor-element-6d1ba3b elementor-hidden-desktop elementor-hidden-tablet e-flex e-con-boxed wpr-particle-no wpr-jarallax-no wpr-parallax-no wpr-sticky-section-no e-con e-parent\" data-id=\"6d1ba3b\" data-element_type=\"container\" data-e-type=\"container\" data-settings=\"{&quot;background_background&quot;:&quot;classic&quot;}\">\n\t\t\t\t\t<div class=\"e-con-inner\">\n\t\t\t\t<div class=\"elementor-element elementor-element-5cdb024 elementor-widget elementor-widget-image\" data-id=\"5cdb024\" data-element_type=\"widget\" data-e-type=\"widget\" data-widget_type=\"image.default\">\n\t\t\t\t<div class=\"elementor-widget-container\">\n\t\t\t\t\t\t\t\t\t\t\t\t\t\t\t<img decoding=\"async\" width=\"300\" height=\"300\" src=\"https:\/\/fpfa.pt\/wp-content\/uploads\/2024\/07\/Bulldogs.png\" class=\"attachment-large size-large wp-image-36\" alt=\"\" srcset=\"https:\/\/fpfa.pt\/wp-content\/uploads\/2024\/07\/Bulldogs.png 300w, https:\/\/fpfa.pt\/wp-content\/uploads\/2024\/07\/Bulldogs-150x150.png 150w\" sizes=\"(max-width: 300px) 100vw, 300px\" \/>\t\t\t\t\t\t\t\t\t\t\t\t\t\t\t<\/div>\n\t\t\t\t<\/div>\n\t\t\t\t\t<\/div>\n\t\t\t\t<\/div>\n\t\t<div class=\"elementor-element elementor-element-2c7aae7 elementor-hidden-desktop elementor-hidden-tablet e-flex e-con-boxed wpr-particle-no wpr-jarallax-no wpr-parallax-no wpr-sticky-section-no e-con e-parent\" data-id=\"2c7aae7\" data-element_type=\"container\" data-e-type=\"container\" data-settings=\"{&quot;background_background&quot;:&quot;classic&quot;}\">\n\t\t\t\t\t<div class=\"e-con-inner\">\n\t\t<div class=\"elementor-element elementor-element-0f3428d e-grid e-con-full wpr-particle-no wpr-jarallax-no wpr-parallax-no wpr-sticky-section-no e-con e-child\" data-id=\"0f3428d\" data-element_type=\"container\" data-e-type=\"container\">\n\t\t\t\t<div class=\"elementor-element elementor-element-287ac7f elementor-widget elementor-widget-heading\" data-id=\"287ac7f\" data-element_type=\"widget\" data-e-type=\"widget\" data-widget_type=\"heading.default\">\n\t\t\t\t<div class=\"elementor-widget-container\">\n\t\t\t\t\t<h2 class=\"elementor-heading-title elementor-size-default\">Nome<\/h2>\t\t\t\t<\/div>\n\t\t\t\t<\/div>\n\t\t\t\t<div class=\"elementor-element elementor-element-5224900 elementor-widget elementor-widget-heading\" data-id=\"5224900\" data-element_type=\"widget\" data-e-type=\"widget\" data-widget_type=\"heading.default\">\n\t\t\t\t<div class=\"elementor-widget-container\">\n\t\t\t\t\t<h2 class=\"elementor-heading-title elementor-size-default\">Licen\u00e7a<\/h2>\t\t\t\t<\/div>\n\t\t\t\t<\/div>\n\t\t\t\t<\/div>\n\t\t\t\t\t<\/div>\n\t\t\t\t<\/div>\n\t\t<div class=\"elementor-element elementor-element-8c42b46 elementor-hidden-desktop elementor-hidden-tablet e-flex e-con-boxed wpr-particle-no wpr-jarallax-no wpr-parallax-no wpr-sticky-section-no e-con e-parent\" data-id=\"8c42b46\" data-element_type=\"container\" data-e-type=\"container\" data-settings=\"{&quot;background_background&quot;:&quot;classic&quot;}\">\n\t\t\t\t\t<div class=\"e-con-inner\">\n\t\t<div class=\"elementor-element elementor-element-f88e038 e-grid e-con-full wpr-particle-no wpr-jarallax-no wpr-parallax-no wpr-sticky-section-no e-con e-child\" data-id=\"f88e038\" data-element_type=\"container\" data-e-type=\"container\">\n\t\t\t\t<div class=\"elementor-element elementor-element-b334d3f elementor-widget elementor-widget-text-editor\" data-id=\"b334d3f\" data-element_type=\"widget\" data-e-type=\"widget\" data-widget_type=\"text-editor.default\">\n\t\t\t\t<div class=\"elementor-widget-container\">\n\t\t\t\t\t\t\t\t\t<table border=\"0\" cellpadding=\"0\" cellspacing=\"0\" width=\"582\"><colgroup><col width=\"495\" \/><col width=\"87\" \/><\/colgroup><tbody><tr height=\"20\"><td height=\"20\" class=\"xl66\" width=\"495\">Adilson Rodrigues Fortes<\/td><td class=\"xl64\" width=\"87\">A184<\/td><\/tr><tr height=\"20\"><td height=\"20\" class=\"xl66\">Alexandre Miguel Rodrigues Roxo<\/td><td class=\"xl64\" width=\"87\">A185<\/td><\/tr><tr height=\"20\"><td height=\"20\" class=\"xl66\">Andr\u00e9 Filipe Saraiva Da Silva<\/td><td class=\"xl64\" width=\"87\">A186<\/td><\/tr><tr height=\"20\"><td height=\"20\" class=\"xl66\">Artur Poeira Fedrizzi<\/td><td class=\"xl64\" width=\"87\">A187<\/td><\/tr><tr height=\"20\"><td height=\"20\" class=\"xl66\">Bernardo Alves Rocha<\/td><td class=\"xl64\" width=\"87\">A188<\/td><\/tr><tr height=\"20\"><td height=\"20\" class=\"xl66\">Datchnhaba Rocha Embana<\/td><td class=\"xl64\" width=\"87\">A189<\/td><\/tr><tr height=\"20\"><td height=\"20\" class=\"xl66\">Diogo Alexandre Baptista Fachadas Reis Da Costa<\/td><td class=\"xl64\" width=\"87\">A190<\/td><\/tr><tr height=\"20\"><td height=\"20\" class=\"xl66\">Dorivaldo Jo\u00e3o<\/td><td class=\"xl64\" width=\"87\">A191<\/td><\/tr><tr height=\"20\"><td height=\"20\" class=\"xl66\">Edgar dos Santos Antunes<\/td><td class=\"xl64\" width=\"87\">A192<\/td><\/tr><tr height=\"20\"><td height=\"20\" class=\"xl66\">Francisco Caetano Caravana<\/td><td class=\"xl64\" width=\"87\">A193<\/td><\/tr><tr height=\"20\"><td height=\"20\" class=\"xl66\">Francisco Manso<\/td><td class=\"xl64\" width=\"87\">A194<\/td><\/tr><tr height=\"20\"><td height=\"20\" class=\"xl66\">Gon\u00e7alo Gomes Pinto<\/td><td class=\"xl64\" width=\"87\">A195<\/td><\/tr><tr height=\"20\"><td height=\"20\" class=\"xl66\">Guilherme Mac\u00eado Duarte<\/td><td class=\"xl64\" width=\"87\">A196<\/td><\/tr><tr height=\"20\"><td height=\"20\" class=\"xl66\">Henrique Fernandes Damas dos Santos Vicente<\/td><td class=\"xl64\" width=\"87\">A197<\/td><\/tr><tr height=\"20\"><td height=\"20\" class=\"xl66\">Hugo Daniel Carvalho Figueiredo<\/td><td class=\"xl64\" width=\"87\">A198<\/td><\/tr><tr height=\"20\"><td height=\"20\" class=\"xl66\">Jo\u00e3o Fonseca da Silva<\/td><td class=\"xl64\" width=\"87\">A199<\/td><\/tr><tr height=\"20\"><td height=\"20\" class=\"xl66\">Jo\u00e3o Francisco Faria Lucas<\/td><td class=\"xl64\" width=\"87\">A200<\/td><\/tr><tr height=\"20\"><td height=\"20\" class=\"xl66\">Jo\u00e3o Henrique Marques Santos Raba\u00e7a Ribeiro<\/td><td class=\"xl64\" width=\"87\">A201<\/td><\/tr><tr height=\"20\"><td height=\"20\" class=\"xl66\">Jo\u00e3o Henrique Oliveira de Sousa<\/td><td class=\"xl64\" width=\"87\">A202<\/td><\/tr><tr height=\"20\"><td height=\"20\" class=\"xl66\">Killian AWHOUSSA<\/td><td class=\"xl64\" width=\"87\">A203<\/td><\/tr><tr height=\"20\"><td height=\"20\" class=\"xl66\">Luis Augusto Ferreira<\/td><td class=\"xl64\" width=\"87\">A204<\/td><\/tr><tr height=\"20\"><td height=\"20\" class=\"xl66\">Lu\u00eds Miguel Jorge Ribeiro<\/td><td class=\"xl64\" width=\"87\">A205<\/td><\/tr><tr height=\"20\"><td height=\"20\" class=\"xl66\">Marcio Andrey Freitas Antonio<\/td><td class=\"xl64\" width=\"87\">A206<\/td><\/tr><tr height=\"20\"><td height=\"20\" class=\"xl66\">Mario Pariota<\/td><td class=\"xl64\" width=\"87\">A207<\/td><\/tr><tr height=\"20\"><td height=\"20\" class=\"xl66\">Matheus Silva dos Santos<\/td><td class=\"xl64\" width=\"87\">A208<\/td><\/tr><tr height=\"20\"><td height=\"20\" class=\"xl66\">Nuno Pinto Correia Fontes Represas<\/td><td class=\"xl64\" width=\"87\">A209<\/td><\/tr><tr height=\"20\"><td height=\"20\" class=\"xl66\">Pedro Henrique Medeiros Monteiro<\/td><td class=\"xl64\" width=\"87\">A210<\/td><\/tr><tr height=\"20\"><td height=\"20\" class=\"xl66\">Pedro Miguel Silvestre Anselmo<\/td><td class=\"xl64\" width=\"87\">A211<\/td><\/tr><tr height=\"20\"><td height=\"20\" class=\"xl66\">Roberto Gon\u00e7alo Borges Tavares<\/td><td class=\"xl64\" width=\"87\">A212<\/td><\/tr><tr height=\"20\"><td height=\"20\" class=\"xl66\">R\u00faben Andr\u00e9 Mascarenhas de Barros Said<\/td><td class=\"xl64\" width=\"87\">A213<\/td><\/tr><tr height=\"20\"><td height=\"20\" class=\"xl66\">Salvador Veloso Santos<\/td><td class=\"xl64\" width=\"87\">A214<\/td><\/tr><tr height=\"20\"><td height=\"20\" class=\"xl66\">Silv\u00e2nio Jesus Furtado Varela Semedo<\/td><td class=\"xl64\" width=\"87\">A215<\/td><\/tr><tr height=\"20\"><td height=\"20\" class=\"xl66\">Svetlanio Biagio Moreira Chaves<\/td><td class=\"xl64\" width=\"87\">A216<\/td><\/tr><tr height=\"20\"><td height=\"20\" class=\"xl66\">Thi\u00e9rry Tessalon Diniz<\/td><td class=\"xl64\" width=\"87\">A217<\/td><\/tr><tr height=\"20\"><td height=\"20\" class=\"xl66\">Tiago Miguel Pinto fidalgo<\/td><td class=\"xl64\" width=\"87\">A218<\/td><\/tr><tr height=\"20\"><td height=\"20\" class=\"xl66\">Tiago Reis Andrade<\/td><td class=\"xl64\" width=\"87\">A219<\/td><\/tr><tr height=\"20\"><td height=\"20\" class=\"xl66\">Tom\u00e1s Fonseca da Silva<\/td><td class=\"xl64\" width=\"87\">A220<\/td><\/tr><tr height=\"20\"><td height=\"20\" class=\"xl66\">Xavier Crist\u00f3v\u00e3o Duarte Pires Pereira de Carvalho<\/td><td class=\"xl64\" width=\"87\">A221<\/td><\/tr><tr height=\"20\"><td height=\"20\" class=\"xl66\">Miguel Pedro Craveiro Feio<\/td><td class=\"xl64\" width=\"87\">A306<\/td><\/tr><tr height=\"20\"><td height=\"20\" class=\"xl66\">Bernardo Santos Carvalho da Cruz Silva<\/td><td class=\"xl64\" width=\"87\">A312<\/td><\/tr><tr height=\"20\"><td height=\"20\" class=\"xl66\">Nicksson Gabriel dos Santos Brito<\/td><td class=\"xl64\" width=\"87\">A313<\/td><\/tr><tr height=\"20\"><td height=\"20\" class=\"xl66\">Rui Pedro Costa de Melo<\/td><td class=\"xl64\" width=\"87\">A314<\/td><\/tr><tr height=\"20\"><td height=\"20\" class=\"xl66\">Wesley Antunes<\/td><td class=\"xl64\" width=\"87\">A315<\/td><\/tr><tr height=\"20\"><td height=\"20\" class=\"xl66\">Robert Patrick Waqabaca Delai<\/td><td class=\"xl64\" width=\"87\">A316<\/td><\/tr><tr height=\"20\"><td height=\"20\" class=\"xl66\">Micha\u00ebl Bousquet<\/td><td class=\"xl64\" width=\"87\">A317<\/td><\/tr><tr height=\"20\"><td height=\"20\" class=\"xl66\">Luis Miguel Mendes e Sousa Mira<\/td><td class=\"xl64\" width=\"87\">A326<\/td><\/tr><tr height=\"20\"><td height=\"20\" class=\"xl66\">Anselmo Kuenda Monteiro Marcolino<\/td><td class=\"xl64\" width=\"87\">A327<\/td><\/tr><tr height=\"20\"><td height=\"20\" class=\"xl66\">Keane Edgar de Ceita Martins<\/td><td class=\"xl64\" width=\"87\">A328<\/td><\/tr><tr height=\"20\"><td height=\"20\" class=\"xl66\">Billal Ghebriou<\/td><td class=\"xl64\" width=\"87\" zwrap=\"1\">A335<\/td><\/tr><tr height=\"20\"><td height=\"20\" class=\"xl66\" zwrap=\"1\">Diogo Alberto Antunes Tavares<\/td><td class=\"xl64\" width=\"87\">A336<\/td><\/tr><\/tbody><\/table>\t\t\t\t\t\t\t\t<\/div>\n\t\t\t\t<\/div>\n\t\t\t\t<\/div>\n\t\t\t\t\t<\/div>\n\t\t\t\t<\/div>\n\t\t\t\t<\/div>","protected":false},"excerpt":{"rendered":"<p>Cart\u00e3o Digital HOME COACHING STAFF STAFF Nome Licen\u00e7a Adilson Rodrigues Fortes A184 Alexandre Miguel Rodrigues Roxo A185 Andr\u00e9 Filipe Saraiva Da Silva A186 Artur Poeira Fedrizzi A187 Bernardo Alves Rocha A188 Datchnhaba Rocha Embana A189 Diogo Alexandre Baptista Fachadas Reis Da Costa A190 Dorivaldo Jo\u00e3o A191 Edgar dos Santos Antunes<\/p>","protected":false},"author":1,"featured_media":0,"parent":0,"menu_order":0,"comment_status":"closed","ping_status":"closed","template":"page-templates\/template-pagebuilder-full-width.php","meta":{"_monsterinsights_skip_tracking":false,"_monsterinsights_sitenote_active":false,"_monsterinsights_sitenote_note":"","_monsterinsights_sitenote_category":0,"footnotes":""},"class_list":["post-4144","page","type-page","status-publish","hentry"],"_links":{"self":[{"href":"https:\/\/fpfa.pt\/en\/wp-json\/wp\/v2\/pages\/4144","targetHints":{"allow":["GET"]}}],"collection":[{"href":"https:\/\/fpfa.pt\/en\/wp-json\/wp\/v2\/pages"}],"about":[{"href":"https:\/\/fpfa.pt\/en\/wp-json\/wp\/v2\/types\/page"}],"author":[{"embeddable":true,"href":"https:\/\/fpfa.pt\/en\/wp-json\/wp\/v2\/users\/1"}],"replies":[{"embeddable":true,"href":"https:\/\/fpfa.pt\/en\/wp-json\/wp\/v2\/comments?post=4144"}],"version-history":[{"count":40,"href":"https:\/\/fpfa.pt\/en\/wp-json\/wp\/v2\/pages\/4144\/revisions"}],"predecessor-version":[{"id":8353,"href":"https:\/\/fpfa.pt\/en\/wp-json\/wp\/v2\/pages\/4144\/revisions\/8353"}],"wp:attachment":[{"href":"https:\/\/fpfa.pt\/en\/wp-json\/wp\/v2\/media?parent=4144"}],"curies":[{"name":"wp","href":"https:\/\/api.w.org\/{rel}","templated":true}]}}