{"id":4094,"date":"2025-01-09T18:16:41","date_gmt":"2025-01-09T18:16:41","guid":{"rendered":"https:\/\/fpfa.pt\/?page_id=4094"},"modified":"2026-02-09T10:12:39","modified_gmt":"2026-02-09T10:12:39","slug":"crusadersdocsstaff","status":"publish","type":"page","link":"https:\/\/fpfa.pt\/en\/crusadersdocsstaff\/","title":{"rendered":"CrusadersDocsStaff"},"content":{"rendered":"<div data-elementor-type=\"wp-page\" data-elementor-id=\"4094\" class=\"elementor elementor-4094\">\n\t\t\t\t<div class=\"elementor-element elementor-element-a1b458c elementor-hidden-desktop elementor-hidden-tablet e-flex e-con-boxed wpr-particle-no wpr-jarallax-no wpr-parallax-no wpr-sticky-section-no e-con e-parent\" data-id=\"a1b458c\" data-element_type=\"container\" data-e-type=\"container\" data-settings=\"{&quot;background_background&quot;:&quot;classic&quot;}\">\n\t\t\t\t\t<div class=\"e-con-inner\">\n\t\t\t\t<div class=\"elementor-element elementor-element-74691cb elementor-widget__width-initial elementor-widget elementor-widget-image\" data-id=\"74691cb\" data-element_type=\"widget\" data-e-type=\"widget\" data-widget_type=\"image.default\">\n\t\t\t\t<div class=\"elementor-widget-container\">\n\t\t\t\t\t\t\t\t\t\t\t\t\t\t\t<img fetchpriority=\"high\" decoding=\"async\" width=\"512\" height=\"512\" src=\"https:\/\/fpfa.pt\/wp-content\/uploads\/2025\/05\/cropped-Logo_2025-1.png\" class=\"attachment-full size-full wp-image-5259\" alt=\"\" srcset=\"https:\/\/fpfa.pt\/wp-content\/uploads\/2025\/05\/cropped-Logo_2025-1.png 512w, https:\/\/fpfa.pt\/wp-content\/uploads\/2025\/05\/cropped-Logo_2025-1-300x300.png 300w, https:\/\/fpfa.pt\/wp-content\/uploads\/2025\/05\/cropped-Logo_2025-1-150x150.png 150w, https:\/\/fpfa.pt\/wp-content\/uploads\/2025\/05\/cropped-Logo_2025-1-12x12.png 12w, https:\/\/fpfa.pt\/wp-content\/uploads\/2025\/05\/cropped-Logo_2025-1-270x270.png 270w, https:\/\/fpfa.pt\/wp-content\/uploads\/2025\/05\/cropped-Logo_2025-1-192x192.png 192w, https:\/\/fpfa.pt\/wp-content\/uploads\/2025\/05\/cropped-Logo_2025-1-180x180.png 180w, https:\/\/fpfa.pt\/wp-content\/uploads\/2025\/05\/cropped-Logo_2025-1-32x32.png 32w\" sizes=\"(max-width: 512px) 100vw, 512px\" \/>\t\t\t\t\t\t\t\t\t\t\t\t\t\t\t<\/div>\n\t\t\t\t<\/div>\n\t\t\t\t\t<\/div>\n\t\t\t\t<\/div>\n\t\t<div class=\"elementor-element elementor-element-d125cd5 elementor-hidden-desktop elementor-hidden-tablet e-flex e-con-boxed wpr-particle-no wpr-jarallax-no wpr-parallax-no wpr-sticky-section-no e-con e-parent\" data-id=\"d125cd5\" data-element_type=\"container\" data-e-type=\"container\" data-settings=\"{&quot;background_background&quot;:&quot;classic&quot;}\">\n\t\t\t\t\t<div class=\"e-con-inner\">\n\t\t\t\t<div class=\"elementor-element elementor-element-c75595e elementor-widget elementor-widget-heading\" data-id=\"c75595e\" data-element_type=\"widget\" data-e-type=\"widget\" data-widget_type=\"heading.default\">\n\t\t\t\t<div class=\"elementor-widget-container\">\n\t\t\t\t\t<h2 class=\"elementor-heading-title elementor-size-default\">Cart\u00e3o Digital<\/h2>\t\t\t\t<\/div>\n\t\t\t\t<\/div>\n\t\t\t\t\t<\/div>\n\t\t\t\t<\/div>\n\t\t<div class=\"elementor-element elementor-element-dc2ba50 elementor-hidden-desktop elementor-hidden-tablet e-flex e-con-boxed wpr-particle-no wpr-jarallax-no wpr-parallax-no wpr-sticky-section-no e-con e-parent\" data-id=\"dc2ba50\" data-element_type=\"container\" data-e-type=\"container\" data-settings=\"{&quot;background_background&quot;:&quot;classic&quot;}\">\n\t\t\t\t\t<div class=\"e-con-inner\">\n\t\t\t\t<div class=\"elementor-element elementor-element-dd250d2 elementor-mobile-align-center elementor-widget elementor-widget-button\" data-id=\"dd250d2\" data-element_type=\"widget\" data-e-type=\"widget\" data-widget_type=\"button.default\">\n\t\t\t\t<div class=\"elementor-widget-container\">\n\t\t\t\t\t\t\t\t\t<div class=\"elementor-button-wrapper\">\n\t\t\t\t\t<a class=\"elementor-button elementor-button-link elementor-size-sm\" href=\"https:\/\/fpfa.pt\/en\/cartao-digital\/\">\n\t\t\t\t\t\t<span class=\"elementor-button-content-wrapper\">\n\t\t\t\t\t\t\t\t\t<span class=\"elementor-button-text\">HOME<\/span>\n\t\t\t\t\t<\/span>\n\t\t\t\t\t<\/a>\n\t\t\t\t<\/div>\n\t\t\t\t\t\t\t\t<\/div>\n\t\t\t\t<\/div>\n\t\t\t\t\t<\/div>\n\t\t\t\t<\/div>\n\t\t<div class=\"elementor-element elementor-element-4097eaf elementor-hidden-desktop elementor-hidden-tablet e-flex e-con-boxed wpr-particle-no wpr-jarallax-no wpr-parallax-no wpr-sticky-section-no e-con e-parent\" data-id=\"4097eaf\" data-element_type=\"container\" data-e-type=\"container\" data-settings=\"{&quot;background_background&quot;:&quot;classic&quot;}\">\n\t\t\t\t\t<div class=\"e-con-inner\">\n\t\t<div class=\"elementor-element elementor-element-5adfce2 e-grid e-con-full wpr-particle-no wpr-jarallax-no wpr-parallax-no wpr-sticky-section-no e-con e-child\" data-id=\"5adfce2\" data-element_type=\"container\" data-e-type=\"container\">\n\t\t\t\t<div class=\"elementor-element elementor-element-9bf89a7 elementor-mobile-align-center elementor-widget elementor-widget-button\" data-id=\"9bf89a7\" data-element_type=\"widget\" data-e-type=\"widget\" data-widget_type=\"button.default\">\n\t\t\t\t<div class=\"elementor-widget-container\">\n\t\t\t\t\t\t\t\t\t<div class=\"elementor-button-wrapper\">\n\t\t\t\t\t<a class=\"elementor-button elementor-button-link elementor-size-sm\" href=\"https:\/\/fpfa.pt\/en\/crusadersdocsatletas\/\">\n\t\t\t\t\t\t<span class=\"elementor-button-content-wrapper\">\n\t\t\t\t\t\t\t\t\t<span class=\"elementor-button-text\">ATLETAS<\/span>\n\t\t\t\t\t<\/span>\n\t\t\t\t\t<\/a>\n\t\t\t\t<\/div>\n\t\t\t\t\t\t\t\t<\/div>\n\t\t\t\t<\/div>\n\t\t\t\t<div class=\"elementor-element elementor-element-40fee93 elementor-mobile-align-center elementor-widget elementor-widget-button\" data-id=\"40fee93\" data-element_type=\"widget\" data-e-type=\"widget\" data-widget_type=\"button.default\">\n\t\t\t\t<div class=\"elementor-widget-container\">\n\t\t\t\t\t\t\t\t\t<div class=\"elementor-button-wrapper\">\n\t\t\t\t\t<a class=\"elementor-button elementor-button-link elementor-size-sm\" href=\"https:\/\/fpfa.pt\/en\/crusadersdocscoachingstaff\/\">\n\t\t\t\t\t\t<span class=\"elementor-button-content-wrapper\">\n\t\t\t\t\t\t\t\t\t<span class=\"elementor-button-text\">COACHING STAFF<\/span>\n\t\t\t\t\t<\/span>\n\t\t\t\t\t<\/a>\n\t\t\t\t<\/div>\n\t\t\t\t\t\t\t\t<\/div>\n\t\t\t\t<\/div>\n\t\t\t\t<\/div>\n\t\t\t\t\t<\/div>\n\t\t\t\t<\/div>\n\t\t<div class=\"elementor-element elementor-element-75133db elementor-hidden-desktop elementor-hidden-tablet e-flex e-con-boxed wpr-particle-no wpr-jarallax-no wpr-parallax-no wpr-sticky-section-no e-con e-parent\" data-id=\"75133db\" data-element_type=\"container\" data-e-type=\"container\" data-settings=\"{&quot;background_background&quot;:&quot;classic&quot;}\">\n\t\t\t\t\t<div class=\"e-con-inner\">\n\t\t\t\t<div class=\"elementor-element elementor-element-04a2a68 elementor-widget elementor-widget-image\" data-id=\"04a2a68\" data-element_type=\"widget\" data-e-type=\"widget\" data-widget_type=\"image.default\">\n\t\t\t\t<div class=\"elementor-widget-container\">\n\t\t\t\t\t\t\t\t\t\t\t\t\t\t\t<img decoding=\"async\" width=\"300\" height=\"300\" src=\"https:\/\/fpfa.pt\/wp-content\/uploads\/2024\/07\/Crusaders.png\" class=\"attachment-large size-large wp-image-37\" alt=\"\" srcset=\"https:\/\/fpfa.pt\/wp-content\/uploads\/2024\/07\/Crusaders.png 300w, https:\/\/fpfa.pt\/wp-content\/uploads\/2024\/07\/Crusaders-150x150.png 150w\" sizes=\"(max-width: 300px) 100vw, 300px\" \/>\t\t\t\t\t\t\t\t\t\t\t\t\t\t\t<\/div>\n\t\t\t\t<\/div>\n\t\t\t\t\t<\/div>\n\t\t\t\t<\/div>\n\t\t<div class=\"elementor-element elementor-element-4f71c24 elementor-hidden-desktop elementor-hidden-tablet e-flex e-con-boxed wpr-particle-no wpr-jarallax-no wpr-parallax-no wpr-sticky-section-no e-con e-parent\" data-id=\"4f71c24\" data-element_type=\"container\" data-e-type=\"container\" data-settings=\"{&quot;background_background&quot;:&quot;classic&quot;}\">\n\t\t\t\t\t<div class=\"e-con-inner\">\n\t\t<div class=\"elementor-element elementor-element-b93a7e1 e-grid e-con-full wpr-particle-no wpr-jarallax-no wpr-parallax-no wpr-sticky-section-no e-con e-child\" data-id=\"b93a7e1\" data-element_type=\"container\" data-e-type=\"container\">\n\t\t\t\t<div class=\"elementor-element elementor-element-b52cf9a elementor-widget elementor-widget-heading\" data-id=\"b52cf9a\" data-element_type=\"widget\" data-e-type=\"widget\" data-widget_type=\"heading.default\">\n\t\t\t\t<div class=\"elementor-widget-container\">\n\t\t\t\t\t<h2 class=\"elementor-heading-title elementor-size-default\">Nome<\/h2>\t\t\t\t<\/div>\n\t\t\t\t<\/div>\n\t\t\t\t<div class=\"elementor-element elementor-element-6a57248 elementor-widget elementor-widget-heading\" data-id=\"6a57248\" data-element_type=\"widget\" data-e-type=\"widget\" data-widget_type=\"heading.default\">\n\t\t\t\t<div class=\"elementor-widget-container\">\n\t\t\t\t\t<h2 class=\"elementor-heading-title elementor-size-default\">Licen\u00e7a<\/h2>\t\t\t\t<\/div>\n\t\t\t\t<\/div>\n\t\t\t\t<\/div>\n\t\t\t\t\t<\/div>\n\t\t\t\t<\/div>\n\t\t<div class=\"elementor-element elementor-element-d57a833 elementor-hidden-desktop elementor-hidden-tablet e-flex e-con-boxed wpr-particle-no wpr-jarallax-no wpr-parallax-no wpr-sticky-section-no e-con e-parent\" data-id=\"d57a833\" data-element_type=\"container\" data-e-type=\"container\" data-settings=\"{&quot;background_background&quot;:&quot;classic&quot;}\">\n\t\t\t\t\t<div class=\"e-con-inner\">\n\t\t<div class=\"elementor-element elementor-element-a0a8140 e-grid e-con-full wpr-particle-no wpr-jarallax-no wpr-parallax-no wpr-sticky-section-no e-con e-child\" data-id=\"a0a8140\" data-element_type=\"container\" data-e-type=\"container\">\n\t\t\t\t<div class=\"elementor-element elementor-element-0e1e821 elementor-widget elementor-widget-text-editor\" data-id=\"0e1e821\" data-element_type=\"widget\" data-e-type=\"widget\" data-widget_type=\"text-editor.default\">\n\t\t\t\t<div class=\"elementor-widget-container\">\n\t\t\t\t\t\t\t\t\t<table border=\"0\" cellpadding=\"0\" cellspacing=\"0\" width=\"600\"><colgroup> <col width=\"513\" \/> <col width=\"87\" \/><\/colgroup><tbody><tr height=\"21\"><td height=\"21\" class=\"xl65\" width=\"513\">Vitor Hugo Rodrigues Cardoso de Frias<\/td><td width=\"87\">S14<\/td><\/tr><tr height=\"21\"><td height=\"21\" class=\"xl65\">H\u00e9lio Artur Rodrigues de Figueiredo<\/td><td>S15<\/td><\/tr><tr height=\"21\"><td height=\"21\" class=\"xl65\">J\u00falio Filipe Lopes Martins<\/td><td>S16<\/td><\/tr><tr height=\"21\"><td height=\"21\" class=\"xl65\">Carlos Guilherme Domingues Ferreira<\/td><td>S17<\/td><\/tr><\/tbody><\/table><table border=\"0\" cellpadding=\"0\" cellspacing=\"0\" width=\"600\"><colgroup><col width=\"513\" \/><col width=\"87\" \/><\/colgroup><tbody><tr height=\"21\"><td height=\"21\" class=\"xl63\" width=\"513\">V\u00edtor Manuel de Jesus Augusto<\/td><td width=\"87\">S20<\/td><\/tr><\/tbody><\/table>\t\t\t\t\t\t\t\t<\/div>\n\t\t\t\t<\/div>\n\t\t\t\t<\/div>\n\t\t\t\t\t<\/div>\n\t\t\t\t<\/div>\n\t\t\t\t<\/div>","protected":false},"excerpt":{"rendered":"<p>Cart\u00e3o Digital HOME ATLETAS COACHING STAFF Nome Licen\u00e7a Vitor Hugo Rodrigues Cardoso de Frias S14 H\u00e9lio Artur Rodrigues de Figueiredo S15 J\u00falio Filipe Lopes Martins S16 Carlos Guilherme Domingues Ferreira S17 V\u00edtor Manuel de Jesus Augusto S20<\/p>","protected":false},"author":1,"featured_media":0,"parent":0,"menu_order":0,"comment_status":"closed","ping_status":"closed","template":"page-templates\/template-pagebuilder-full-width.php","meta":{"_monsterinsights_skip_tracking":false,"_monsterinsights_sitenote_active":false,"_monsterinsights_sitenote_note":"","_monsterinsights_sitenote_category":0,"footnotes":""},"class_list":["post-4094","page","type-page","status-publish","hentry"],"_links":{"self":[{"href":"https:\/\/fpfa.pt\/en\/wp-json\/wp\/v2\/pages\/4094","targetHints":{"allow":["GET"]}}],"collection":[{"href":"https:\/\/fpfa.pt\/en\/wp-json\/wp\/v2\/pages"}],"about":[{"href":"https:\/\/fpfa.pt\/en\/wp-json\/wp\/v2\/types\/page"}],"author":[{"embeddable":true,"href":"https:\/\/fpfa.pt\/en\/wp-json\/wp\/v2\/users\/1"}],"replies":[{"embeddable":true,"href":"https:\/\/fpfa.pt\/en\/wp-json\/wp\/v2\/comments?post=4094"}],"version-history":[{"count":22,"href":"https:\/\/fpfa.pt\/en\/wp-json\/wp\/v2\/pages\/4094\/revisions"}],"predecessor-version":[{"id":7280,"href":"https:\/\/fpfa.pt\/en\/wp-json\/wp\/v2\/pages\/4094\/revisions\/7280"}],"wp:attachment":[{"href":"https:\/\/fpfa.pt\/en\/wp-json\/wp\/v2\/media?parent=4094"}],"curies":[{"name":"wp","href":"https:\/\/api.w.org\/{rel}","templated":true}]}}