{"id":4081,"date":"2025-01-09T18:10:00","date_gmt":"2025-01-09T18:10:00","guid":{"rendered":"https:\/\/fpfa.pt\/?page_id=4081"},"modified":"2026-03-13T10:47:28","modified_gmt":"2026-03-13T10:47:28","slug":"crusadersdocsatletas","status":"publish","type":"page","link":"https:\/\/fpfa.pt\/en\/crusadersdocsatletas\/","title":{"rendered":"CrusadersDocsAtletas"},"content":{"rendered":"<div data-elementor-type=\"wp-page\" data-elementor-id=\"4081\" class=\"elementor elementor-4081\">\n\t\t\t\t<div class=\"elementor-element elementor-element-a391e72 elementor-hidden-desktop elementor-hidden-tablet e-flex e-con-boxed wpr-particle-no wpr-jarallax-no wpr-parallax-no wpr-sticky-section-no e-con e-parent\" data-id=\"a391e72\" data-element_type=\"container\" data-e-type=\"container\" data-settings=\"{&quot;background_background&quot;:&quot;classic&quot;}\">\n\t\t\t\t\t<div class=\"e-con-inner\">\n\t\t\t\t<div class=\"elementor-element elementor-element-16b2742 elementor-widget__width-initial elementor-widget elementor-widget-image\" data-id=\"16b2742\" data-element_type=\"widget\" data-e-type=\"widget\" data-widget_type=\"image.default\">\n\t\t\t\t<div class=\"elementor-widget-container\">\n\t\t\t\t\t\t\t\t\t\t\t\t\t\t\t<img fetchpriority=\"high\" decoding=\"async\" width=\"512\" height=\"512\" src=\"https:\/\/fpfa.pt\/wp-content\/uploads\/2025\/05\/cropped-Logo_2025-1.png\" class=\"attachment-full size-full wp-image-5259\" alt=\"\" srcset=\"https:\/\/fpfa.pt\/wp-content\/uploads\/2025\/05\/cropped-Logo_2025-1.png 512w, https:\/\/fpfa.pt\/wp-content\/uploads\/2025\/05\/cropped-Logo_2025-1-300x300.png 300w, https:\/\/fpfa.pt\/wp-content\/uploads\/2025\/05\/cropped-Logo_2025-1-150x150.png 150w, https:\/\/fpfa.pt\/wp-content\/uploads\/2025\/05\/cropped-Logo_2025-1-12x12.png 12w, https:\/\/fpfa.pt\/wp-content\/uploads\/2025\/05\/cropped-Logo_2025-1-270x270.png 270w, https:\/\/fpfa.pt\/wp-content\/uploads\/2025\/05\/cropped-Logo_2025-1-192x192.png 192w, https:\/\/fpfa.pt\/wp-content\/uploads\/2025\/05\/cropped-Logo_2025-1-180x180.png 180w, https:\/\/fpfa.pt\/wp-content\/uploads\/2025\/05\/cropped-Logo_2025-1-32x32.png 32w\" sizes=\"(max-width: 512px) 100vw, 512px\" \/>\t\t\t\t\t\t\t\t\t\t\t\t\t\t\t<\/div>\n\t\t\t\t<\/div>\n\t\t\t\t\t<\/div>\n\t\t\t\t<\/div>\n\t\t<div class=\"elementor-element elementor-element-a20e27a elementor-hidden-desktop elementor-hidden-tablet e-flex e-con-boxed wpr-particle-no wpr-jarallax-no wpr-parallax-no wpr-sticky-section-no e-con e-parent\" data-id=\"a20e27a\" data-element_type=\"container\" data-e-type=\"container\" data-settings=\"{&quot;background_background&quot;:&quot;classic&quot;}\">\n\t\t\t\t\t<div class=\"e-con-inner\">\n\t\t\t\t<div class=\"elementor-element elementor-element-6f1c8b7 elementor-widget elementor-widget-heading\" data-id=\"6f1c8b7\" data-element_type=\"widget\" data-e-type=\"widget\" data-widget_type=\"heading.default\">\n\t\t\t\t<div class=\"elementor-widget-container\">\n\t\t\t\t\t<h2 class=\"elementor-heading-title elementor-size-default\">Cart\u00e3o Digital<\/h2>\t\t\t\t<\/div>\n\t\t\t\t<\/div>\n\t\t\t\t\t<\/div>\n\t\t\t\t<\/div>\n\t\t<div class=\"elementor-element elementor-element-b73c786 elementor-hidden-desktop elementor-hidden-tablet e-flex e-con-boxed wpr-particle-no wpr-jarallax-no wpr-parallax-no wpr-sticky-section-no e-con e-parent\" data-id=\"b73c786\" data-element_type=\"container\" data-e-type=\"container\" data-settings=\"{&quot;background_background&quot;:&quot;classic&quot;}\">\n\t\t\t\t\t<div class=\"e-con-inner\">\n\t\t\t\t<div class=\"elementor-element elementor-element-19eacda elementor-mobile-align-center elementor-widget elementor-widget-button\" data-id=\"19eacda\" data-element_type=\"widget\" data-e-type=\"widget\" data-widget_type=\"button.default\">\n\t\t\t\t<div class=\"elementor-widget-container\">\n\t\t\t\t\t\t\t\t\t<div class=\"elementor-button-wrapper\">\n\t\t\t\t\t<a class=\"elementor-button elementor-button-link elementor-size-sm\" href=\"https:\/\/fpfa.pt\/en\/cartao-digital\/\">\n\t\t\t\t\t\t<span class=\"elementor-button-content-wrapper\">\n\t\t\t\t\t\t\t\t\t<span class=\"elementor-button-text\">HOME<\/span>\n\t\t\t\t\t<\/span>\n\t\t\t\t\t<\/a>\n\t\t\t\t<\/div>\n\t\t\t\t\t\t\t\t<\/div>\n\t\t\t\t<\/div>\n\t\t\t\t\t<\/div>\n\t\t\t\t<\/div>\n\t\t<div class=\"elementor-element elementor-element-b578295 elementor-hidden-desktop elementor-hidden-tablet e-flex e-con-boxed wpr-particle-no wpr-jarallax-no wpr-parallax-no wpr-sticky-section-no e-con e-parent\" data-id=\"b578295\" data-element_type=\"container\" data-e-type=\"container\" data-settings=\"{&quot;background_background&quot;:&quot;classic&quot;}\">\n\t\t\t\t\t<div class=\"e-con-inner\">\n\t\t<div class=\"elementor-element elementor-element-702a4ec e-grid e-con-full wpr-particle-no wpr-jarallax-no wpr-parallax-no wpr-sticky-section-no e-con e-child\" data-id=\"702a4ec\" data-element_type=\"container\" data-e-type=\"container\">\n\t\t\t\t<div class=\"elementor-element elementor-element-ed14952 elementor-mobile-align-center elementor-widget elementor-widget-button\" data-id=\"ed14952\" data-element_type=\"widget\" data-e-type=\"widget\" data-widget_type=\"button.default\">\n\t\t\t\t<div class=\"elementor-widget-container\">\n\t\t\t\t\t\t\t\t\t<div class=\"elementor-button-wrapper\">\n\t\t\t\t\t<a class=\"elementor-button elementor-button-link elementor-size-sm\" href=\"https:\/\/fpfa.pt\/en\/crusadersdocscoachingstaff\/\">\n\t\t\t\t\t\t<span class=\"elementor-button-content-wrapper\">\n\t\t\t\t\t\t\t\t\t<span class=\"elementor-button-text\">COACHING STAFF<\/span>\n\t\t\t\t\t<\/span>\n\t\t\t\t\t<\/a>\n\t\t\t\t<\/div>\n\t\t\t\t\t\t\t\t<\/div>\n\t\t\t\t<\/div>\n\t\t\t\t<div class=\"elementor-element elementor-element-1b4e300 elementor-mobile-align-center elementor-widget elementor-widget-button\" data-id=\"1b4e300\" data-element_type=\"widget\" data-e-type=\"widget\" data-widget_type=\"button.default\">\n\t\t\t\t<div class=\"elementor-widget-container\">\n\t\t\t\t\t\t\t\t\t<div class=\"elementor-button-wrapper\">\n\t\t\t\t\t<a class=\"elementor-button elementor-button-link elementor-size-sm\" href=\"https:\/\/fpfa.pt\/en\/crusadersdocsstaff\/\">\n\t\t\t\t\t\t<span class=\"elementor-button-content-wrapper\">\n\t\t\t\t\t\t\t\t\t<span class=\"elementor-button-text\">STAFF<\/span>\n\t\t\t\t\t<\/span>\n\t\t\t\t\t<\/a>\n\t\t\t\t<\/div>\n\t\t\t\t\t\t\t\t<\/div>\n\t\t\t\t<\/div>\n\t\t\t\t<\/div>\n\t\t\t\t\t<\/div>\n\t\t\t\t<\/div>\n\t\t<div class=\"elementor-element elementor-element-49957af elementor-hidden-desktop elementor-hidden-tablet e-flex e-con-boxed wpr-particle-no wpr-jarallax-no wpr-parallax-no wpr-sticky-section-no e-con e-parent\" data-id=\"49957af\" data-element_type=\"container\" data-e-type=\"container\" data-settings=\"{&quot;background_background&quot;:&quot;classic&quot;}\">\n\t\t\t\t\t<div class=\"e-con-inner\">\n\t\t\t\t<div class=\"elementor-element elementor-element-a2a957c elementor-widget elementor-widget-image\" data-id=\"a2a957c\" data-element_type=\"widget\" data-e-type=\"widget\" data-widget_type=\"image.default\">\n\t\t\t\t<div class=\"elementor-widget-container\">\n\t\t\t\t\t\t\t\t\t\t\t\t\t\t\t<img decoding=\"async\" width=\"300\" height=\"300\" src=\"https:\/\/fpfa.pt\/wp-content\/uploads\/2024\/07\/Crusaders.png\" class=\"attachment-large size-large wp-image-37\" alt=\"\" srcset=\"https:\/\/fpfa.pt\/wp-content\/uploads\/2024\/07\/Crusaders.png 300w, https:\/\/fpfa.pt\/wp-content\/uploads\/2024\/07\/Crusaders-150x150.png 150w\" sizes=\"(max-width: 300px) 100vw, 300px\" \/>\t\t\t\t\t\t\t\t\t\t\t\t\t\t\t<\/div>\n\t\t\t\t<\/div>\n\t\t\t\t\t<\/div>\n\t\t\t\t<\/div>\n\t\t<div class=\"elementor-element elementor-element-ea7100c elementor-hidden-desktop elementor-hidden-tablet e-flex e-con-boxed wpr-particle-no wpr-jarallax-no wpr-parallax-no wpr-sticky-section-no e-con e-parent\" data-id=\"ea7100c\" data-element_type=\"container\" data-e-type=\"container\" data-settings=\"{&quot;background_background&quot;:&quot;classic&quot;}\">\n\t\t\t\t\t<div class=\"e-con-inner\">\n\t\t<div class=\"elementor-element elementor-element-3be9209 e-grid e-con-full wpr-particle-no wpr-jarallax-no wpr-parallax-no wpr-sticky-section-no e-con e-child\" data-id=\"3be9209\" data-element_type=\"container\" data-e-type=\"container\">\n\t\t\t\t<div class=\"elementor-element elementor-element-d79811a elementor-widget elementor-widget-heading\" data-id=\"d79811a\" data-element_type=\"widget\" data-e-type=\"widget\" data-widget_type=\"heading.default\">\n\t\t\t\t<div class=\"elementor-widget-container\">\n\t\t\t\t\t<h2 class=\"elementor-heading-title elementor-size-default\">Nome<\/h2>\t\t\t\t<\/div>\n\t\t\t\t<\/div>\n\t\t\t\t<div class=\"elementor-element elementor-element-72918d6 elementor-widget elementor-widget-heading\" data-id=\"72918d6\" data-element_type=\"widget\" data-e-type=\"widget\" data-widget_type=\"heading.default\">\n\t\t\t\t<div class=\"elementor-widget-container\">\n\t\t\t\t\t<h2 class=\"elementor-heading-title elementor-size-default\">Licen\u00e7a<\/h2>\t\t\t\t<\/div>\n\t\t\t\t<\/div>\n\t\t\t\t<\/div>\n\t\t\t\t\t<\/div>\n\t\t\t\t<\/div>\n\t\t<div class=\"elementor-element elementor-element-642a8c9 elementor-hidden-desktop elementor-hidden-tablet e-flex e-con-boxed wpr-particle-no wpr-jarallax-no wpr-parallax-no wpr-sticky-section-no e-con e-parent\" data-id=\"642a8c9\" data-element_type=\"container\" data-e-type=\"container\" data-settings=\"{&quot;background_background&quot;:&quot;classic&quot;}\">\n\t\t\t\t\t<div class=\"e-con-inner\">\n\t\t<div class=\"elementor-element elementor-element-401f446 e-grid e-con-full wpr-particle-no wpr-jarallax-no wpr-parallax-no wpr-sticky-section-no e-con e-child\" data-id=\"401f446\" data-element_type=\"container\" data-e-type=\"container\">\n\t\t\t\t<div class=\"elementor-element elementor-element-0f078cf elementor-widget elementor-widget-text-editor\" data-id=\"0f078cf\" data-element_type=\"widget\" data-e-type=\"widget\" data-widget_type=\"text-editor.default\">\n\t\t\t\t<div class=\"elementor-widget-container\">\n\t\t\t\t\t\t\t\t\t<table border=\"0\" cellpadding=\"0\" cellspacing=\"0\" width=\"582\"><colgroup><col width=\"495\" \/><col width=\"87\" \/><\/colgroup><tbody><tr height=\"20\"><td height=\"20\" class=\"xl65\" width=\"495\">Adilson Miguel Gon\u00e7alves dos Santos<\/td><td class=\"xl64\" width=\"87\">A261<\/td><\/tr><tr height=\"20\"><td height=\"20\" class=\"xl65\">Afonso Fernandes Borges Reis e Costa<\/td><td class=\"xl64\" width=\"87\">A262<\/td><\/tr><tr height=\"20\"><td height=\"20\" class=\"xl65\">Bernardo Maria Velez Sim\u00f5es<\/td><td class=\"xl64\" width=\"87\">A263<\/td><\/tr><tr height=\"20\"><td height=\"20\" class=\"xl65\">Bernardo Teixeira Carvalho<\/td><td class=\"xl64\" width=\"87\">A264<\/td><\/tr><tr height=\"20\"><td height=\"20\" class=\"xl65\">Bruno Torres Sakamoto<\/td><td class=\"xl64\" width=\"87\">A265<\/td><\/tr><tr height=\"20\"><td height=\"20\" class=\"xl65\">Duarte Nuno Rodrigues Filipe<\/td><td class=\"xl64\" width=\"87\">A266<\/td><\/tr><tr height=\"20\"><td height=\"20\" class=\"xl65\">Duarte Videira Dias Cruz Barbosa<\/td><td class=\"xl64\" width=\"87\">A267<\/td><\/tr><tr height=\"20\"><td height=\"20\" class=\"xl65\">Eduardo Lu\u00eds Gouveia de Ara\u00fajo Pereira<\/td><td class=\"xl64\" width=\"87\">A268<\/td><\/tr><tr height=\"20\"><td height=\"20\" class=\"xl65\">Filipe Jos\u00e9 Teixeira Carreiro<\/td><td class=\"xl64\" width=\"87\">A269<\/td><\/tr><tr height=\"20\"><td height=\"20\" class=\"xl65\">Francisco de Oliveira Dinis Pimenta Lory<\/td><td class=\"xl64\" width=\"87\">A270<\/td><\/tr><tr height=\"20\"><td height=\"20\" class=\"xl65\">Gil Alves Pacheco<\/td><td class=\"xl64\" width=\"87\">A271<\/td><\/tr><tr height=\"20\"><td height=\"20\" class=\"xl65\">Gon\u00e7alo Miguel dos Santos Cerdeira<\/td><td class=\"xl64\" width=\"87\">A272<\/td><\/tr><tr height=\"20\"><td height=\"20\" class=\"xl65\">Gustavo dos Reis Horta Espada<\/td><td class=\"xl64\" width=\"87\">A273<\/td><\/tr><tr height=\"20\"><td height=\"20\" class=\"xl65\">Henrique do Canto Lucas Antunes Marinheiro<\/td><td class=\"xl64\" width=\"87\">A274<\/td><\/tr><tr height=\"20\"><td height=\"20\" class=\"xl65\">Jo\u00e3o Pedro Baptista Miranda<\/td><td class=\"xl64\" width=\"87\">A275<\/td><\/tr><tr height=\"20\"><td height=\"20\" class=\"xl65\">Jo\u00e3o Pedro Concei\u00e7\u00e3o Costa<\/td><td class=\"xl64\" width=\"87\">A276<\/td><\/tr><tr height=\"20\"><td height=\"20\" class=\"xl65\">Jo\u00e3o Pedro Gon\u00e7alves Nunes da Fonseca<\/td><td class=\"xl64\" width=\"87\">A277<\/td><\/tr><tr height=\"20\"><td height=\"20\" class=\"xl65\">Jo\u00e3o Pedro Mano Ferreira<\/td><td class=\"xl64\" width=\"87\">A278<\/td><\/tr><tr height=\"20\"><td height=\"20\" class=\"xl65\">Jo\u00e3o Pedro Serafim Barros<\/td><td class=\"xl64\" width=\"87\">A279<\/td><\/tr><tr height=\"20\"><td height=\"20\" class=\"xl65\">Jo\u00e3o Pedro Teixeira Pereira<\/td><td class=\"xl64\" width=\"87\">A280<\/td><\/tr><tr height=\"20\"><td height=\"20\" class=\"xl65\">Jo\u00e3o Tiago Reis In\u00e1cio<\/td><td class=\"xl64\" width=\"87\">A281<\/td><\/tr><tr height=\"20\"><td height=\"20\" class=\"xl65\">Jos\u00e9 Manuel Preto Pacheco Sarsfield Rodrigues<\/td><td class=\"xl64\" width=\"87\">A282<\/td><\/tr><tr height=\"20\"><td height=\"20\" class=\"xl65\">Matias Xavier Da Silva Mendes Manuel<\/td><td class=\"xl64\" width=\"87\">A283<\/td><\/tr><tr height=\"20\"><td height=\"20\" class=\"xl65\">Matteo F\u00e9lix Carrese<\/td><td class=\"xl64\" width=\"87\">A284<\/td><\/tr><tr height=\"20\"><td height=\"20\" class=\"xl65\">Patrick Vin\u00edcius Rocha Mussi<\/td><td class=\"xl64\" width=\"87\">A285<\/td><\/tr><tr height=\"20\"><td height=\"20\" class=\"xl65\">Pedro Miguel Reis In\u00e1cio<\/td><td class=\"xl64\" width=\"87\">A286<\/td><\/tr><tr height=\"20\"><td height=\"20\" class=\"xl65\">Rui Gamboa Seide<\/td><td class=\"xl64\" width=\"87\">A287<\/td><\/tr><tr height=\"20\"><td height=\"20\" class=\"xl65\">Salvador Andretta de Carvalho Bolzoni<\/td><td class=\"xl64\" width=\"87\">A288<\/td><\/tr><tr height=\"20\"><td height=\"20\" class=\"xl65\">Samuel Pereira da Lomba<\/td><td class=\"xl64\" width=\"87\">A289<\/td><\/tr><tr height=\"20\"><td height=\"20\" class=\"xl65\">Sebasti\u00e3o Hugo Murteira Machado Monteiro<\/td><td class=\"xl64\" width=\"87\">A290<\/td><\/tr><tr height=\"20\"><td height=\"20\" class=\"xl65\">Tiago Filipe Figueiredo de Almeida<\/td><td class=\"xl64\" width=\"87\">A291<\/td><\/tr><tr height=\"20\"><td height=\"20\" class=\"xl65\">Vasco Melo Fernandes Ivey Silva<\/td><td class=\"xl64\" width=\"87\">A292<\/td><\/tr><tr height=\"20\"><td height=\"20\" class=\"xl65\">Vladimir Konstantinov<\/td><td class=\"xl64\" width=\"87\">A293<\/td><\/tr><tr height=\"20\"><td height=\"20\" class=\"xl65\">Cristian Matheus Gomes Da Silva\u00a0<\/td><td class=\"xl64\" width=\"87\">A307<\/td><\/tr><tr height=\"20\"><td height=\"20\" class=\"xl65\">Marcos Gomes da Silva Heleno<\/td><td class=\"xl64\" width=\"87\">A309<\/td><\/tr><tr height=\"20\"><td height=\"20\" class=\"xl65\">Bernardo Maria Fonseca C\u00e9sar Guerreiro da Silva<\/td><td class=\"xl64\" width=\"87\">A310<\/td><\/tr><tr height=\"20\"><td height=\"20\" class=\"xl65\">Miguel Hernriques Vera Leote Cardoso<\/td><td class=\"xl64\" width=\"87\">A318<\/td><\/tr><tr height=\"20\"><td height=\"20\" class=\"xl65\">Luan Sussella Orlandini<\/td><td class=\"xl64\" width=\"87\">A321<\/td><\/tr><\/tbody><\/table>\t\t\t\t\t\t\t\t<\/div>\n\t\t\t\t<\/div>\n\t\t\t\t<\/div>\n\t\t\t\t\t<\/div>\n\t\t\t\t<\/div>\n\t\t\t\t<\/div>","protected":false},"excerpt":{"rendered":"<p>Cart\u00e3o Digital HOME COACHING STAFF STAFF Nome Licen\u00e7a Adilson Miguel Gon\u00e7alves dos Santos A261 Afonso Fernandes Borges Reis e Costa A262 Bernardo Maria Velez Sim\u00f5es A263 Bernardo Teixeira Carvalho A264 Bruno Torres Sakamoto A265 Duarte Nuno Rodrigues Filipe A266 Duarte Videira Dias Cruz Barbosa A267 Eduardo Lu\u00eds Gouveia de Ara\u00fajo<\/p>","protected":false},"author":1,"featured_media":0,"parent":0,"menu_order":0,"comment_status":"closed","ping_status":"closed","template":"page-templates\/template-pagebuilder-full-width.php","meta":{"_monsterinsights_skip_tracking":false,"_monsterinsights_sitenote_active":false,"_monsterinsights_sitenote_note":"","_monsterinsights_sitenote_category":0,"footnotes":""},"class_list":["post-4081","page","type-page","status-publish","hentry"],"_links":{"self":[{"href":"https:\/\/fpfa.pt\/en\/wp-json\/wp\/v2\/pages\/4081","targetHints":{"allow":["GET"]}}],"collection":[{"href":"https:\/\/fpfa.pt\/en\/wp-json\/wp\/v2\/pages"}],"about":[{"href":"https:\/\/fpfa.pt\/en\/wp-json\/wp\/v2\/types\/page"}],"author":[{"embeddable":true,"href":"https:\/\/fpfa.pt\/en\/wp-json\/wp\/v2\/users\/1"}],"replies":[{"embeddable":true,"href":"https:\/\/fpfa.pt\/en\/wp-json\/wp\/v2\/comments?post=4081"}],"version-history":[{"count":37,"href":"https:\/\/fpfa.pt\/en\/wp-json\/wp\/v2\/pages\/4081\/revisions"}],"predecessor-version":[{"id":8273,"href":"https:\/\/fpfa.pt\/en\/wp-json\/wp\/v2\/pages\/4081\/revisions\/8273"}],"wp:attachment":[{"href":"https:\/\/fpfa.pt\/en\/wp-json\/wp\/v2\/media?parent=4081"}],"curies":[{"name":"wp","href":"https:\/\/api.w.org\/{rel}","templated":true}]}}