{"id":3974,"date":"2025-01-07T15:51:30","date_gmt":"2025-01-07T15:51:30","guid":{"rendered":"https:\/\/fpfa.pt\/?page_id=3974"},"modified":"2026-02-05T23:20:39","modified_gmt":"2026-02-05T23:20:39","slug":"renegadesdocscoachingstaff","status":"publish","type":"page","link":"https:\/\/fpfa.pt\/en\/renegadesdocscoachingstaff\/","title":{"rendered":"RenegadesDocsCoachingStaff"},"content":{"rendered":"<div data-elementor-type=\"wp-page\" data-elementor-id=\"3974\" class=\"elementor elementor-3974\">\n\t\t\t\t<div class=\"elementor-element elementor-element-0612d20 elementor-hidden-desktop elementor-hidden-tablet e-flex e-con-boxed wpr-particle-no wpr-jarallax-no wpr-parallax-no wpr-sticky-section-no e-con e-parent\" data-id=\"0612d20\" data-element_type=\"container\" data-e-type=\"container\" data-settings=\"{&quot;background_background&quot;:&quot;classic&quot;}\">\n\t\t\t\t\t<div class=\"e-con-inner\">\n\t\t\t\t<div class=\"elementor-element elementor-element-6ef749c elementor-widget__width-initial elementor-widget elementor-widget-image\" data-id=\"6ef749c\" data-element_type=\"widget\" data-e-type=\"widget\" data-widget_type=\"image.default\">\n\t\t\t\t<div class=\"elementor-widget-container\">\n\t\t\t\t\t\t\t\t\t\t\t\t\t\t\t<img fetchpriority=\"high\" decoding=\"async\" width=\"512\" height=\"512\" src=\"https:\/\/fpfa.pt\/wp-content\/uploads\/2025\/05\/cropped-Logo_2025-1.png\" class=\"attachment-full size-full wp-image-5259\" alt=\"\" srcset=\"https:\/\/fpfa.pt\/wp-content\/uploads\/2025\/05\/cropped-Logo_2025-1.png 512w, https:\/\/fpfa.pt\/wp-content\/uploads\/2025\/05\/cropped-Logo_2025-1-300x300.png 300w, https:\/\/fpfa.pt\/wp-content\/uploads\/2025\/05\/cropped-Logo_2025-1-150x150.png 150w, https:\/\/fpfa.pt\/wp-content\/uploads\/2025\/05\/cropped-Logo_2025-1-12x12.png 12w, https:\/\/fpfa.pt\/wp-content\/uploads\/2025\/05\/cropped-Logo_2025-1-270x270.png 270w, https:\/\/fpfa.pt\/wp-content\/uploads\/2025\/05\/cropped-Logo_2025-1-192x192.png 192w, https:\/\/fpfa.pt\/wp-content\/uploads\/2025\/05\/cropped-Logo_2025-1-180x180.png 180w, https:\/\/fpfa.pt\/wp-content\/uploads\/2025\/05\/cropped-Logo_2025-1-32x32.png 32w\" sizes=\"(max-width: 512px) 100vw, 512px\" \/>\t\t\t\t\t\t\t\t\t\t\t\t\t\t\t<\/div>\n\t\t\t\t<\/div>\n\t\t\t\t\t<\/div>\n\t\t\t\t<\/div>\n\t\t<div class=\"elementor-element elementor-element-1ae2da2 elementor-hidden-desktop elementor-hidden-tablet e-flex e-con-boxed wpr-particle-no wpr-jarallax-no wpr-parallax-no wpr-sticky-section-no e-con e-parent\" data-id=\"1ae2da2\" data-element_type=\"container\" data-e-type=\"container\" data-settings=\"{&quot;background_background&quot;:&quot;classic&quot;}\">\n\t\t\t\t\t<div class=\"e-con-inner\">\n\t\t\t\t<div class=\"elementor-element elementor-element-430feb3 elementor-widget elementor-widget-heading\" data-id=\"430feb3\" data-element_type=\"widget\" data-e-type=\"widget\" data-widget_type=\"heading.default\">\n\t\t\t\t<div class=\"elementor-widget-container\">\n\t\t\t\t\t<h2 class=\"elementor-heading-title elementor-size-default\">Cart\u00e3o Digital<\/h2>\t\t\t\t<\/div>\n\t\t\t\t<\/div>\n\t\t\t\t\t<\/div>\n\t\t\t\t<\/div>\n\t\t<div class=\"elementor-element elementor-element-9944744 elementor-hidden-desktop elementor-hidden-tablet e-flex e-con-boxed wpr-particle-no wpr-jarallax-no wpr-parallax-no wpr-sticky-section-no e-con e-parent\" data-id=\"9944744\" data-element_type=\"container\" data-e-type=\"container\" data-settings=\"{&quot;background_background&quot;:&quot;classic&quot;}\">\n\t\t\t\t\t<div class=\"e-con-inner\">\n\t\t\t\t<div class=\"elementor-element elementor-element-63fce44 elementor-mobile-align-center elementor-widget elementor-widget-button\" data-id=\"63fce44\" data-element_type=\"widget\" data-e-type=\"widget\" data-widget_type=\"button.default\">\n\t\t\t\t<div class=\"elementor-widget-container\">\n\t\t\t\t\t\t\t\t\t<div class=\"elementor-button-wrapper\">\n\t\t\t\t\t<a class=\"elementor-button elementor-button-link elementor-size-sm\" href=\"https:\/\/fpfa.pt\/en\/cartao-digital\/\">\n\t\t\t\t\t\t<span class=\"elementor-button-content-wrapper\">\n\t\t\t\t\t\t\t\t\t<span class=\"elementor-button-text\">HOME<\/span>\n\t\t\t\t\t<\/span>\n\t\t\t\t\t<\/a>\n\t\t\t\t<\/div>\n\t\t\t\t\t\t\t\t<\/div>\n\t\t\t\t<\/div>\n\t\t\t\t\t<\/div>\n\t\t\t\t<\/div>\n\t\t<div class=\"elementor-element elementor-element-a144223 elementor-hidden-desktop elementor-hidden-tablet e-flex e-con-boxed wpr-particle-no wpr-jarallax-no wpr-parallax-no wpr-sticky-section-no e-con e-parent\" data-id=\"a144223\" data-element_type=\"container\" data-e-type=\"container\" data-settings=\"{&quot;background_background&quot;:&quot;classic&quot;}\">\n\t\t\t\t\t<div class=\"e-con-inner\">\n\t\t<div class=\"elementor-element elementor-element-d729b0a e-grid e-con-full wpr-particle-no wpr-jarallax-no wpr-parallax-no wpr-sticky-section-no e-con e-child\" data-id=\"d729b0a\" data-element_type=\"container\" data-e-type=\"container\">\n\t\t\t\t<div class=\"elementor-element elementor-element-c386944 elementor-mobile-align-center elementor-widget elementor-widget-button\" data-id=\"c386944\" data-element_type=\"widget\" data-e-type=\"widget\" data-widget_type=\"button.default\">\n\t\t\t\t<div class=\"elementor-widget-container\">\n\t\t\t\t\t\t\t\t\t<div class=\"elementor-button-wrapper\">\n\t\t\t\t\t<a class=\"elementor-button elementor-button-link elementor-size-sm\" href=\"https:\/\/fpfa.pt\/en\/renegadesdocsatletas\/\">\n\t\t\t\t\t\t<span class=\"elementor-button-content-wrapper\">\n\t\t\t\t\t\t\t\t\t<span class=\"elementor-button-text\">ATLETAS<\/span>\n\t\t\t\t\t<\/span>\n\t\t\t\t\t<\/a>\n\t\t\t\t<\/div>\n\t\t\t\t\t\t\t\t<\/div>\n\t\t\t\t<\/div>\n\t\t\t\t<div class=\"elementor-element elementor-element-5b104fe elementor-mobile-align-center elementor-widget elementor-widget-button\" data-id=\"5b104fe\" data-element_type=\"widget\" data-e-type=\"widget\" data-widget_type=\"button.default\">\n\t\t\t\t<div class=\"elementor-widget-container\">\n\t\t\t\t\t\t\t\t\t<div class=\"elementor-button-wrapper\">\n\t\t\t\t\t<a class=\"elementor-button elementor-button-link elementor-size-sm\" href=\"https:\/\/fpfa.pt\/en\/renegadesdocsstaff\/\">\n\t\t\t\t\t\t<span class=\"elementor-button-content-wrapper\">\n\t\t\t\t\t\t\t\t\t<span class=\"elementor-button-text\">STAFF<\/span>\n\t\t\t\t\t<\/span>\n\t\t\t\t\t<\/a>\n\t\t\t\t<\/div>\n\t\t\t\t\t\t\t\t<\/div>\n\t\t\t\t<\/div>\n\t\t\t\t<\/div>\n\t\t\t\t\t<\/div>\n\t\t\t\t<\/div>\n\t\t<div class=\"elementor-element elementor-element-c3b90d5 elementor-hidden-desktop elementor-hidden-tablet e-flex e-con-boxed wpr-particle-no wpr-jarallax-no wpr-parallax-no wpr-sticky-section-no e-con e-parent\" data-id=\"c3b90d5\" data-element_type=\"container\" data-e-type=\"container\" data-settings=\"{&quot;background_background&quot;:&quot;classic&quot;}\">\n\t\t\t\t\t<div class=\"e-con-inner\">\n\t\t\t\t<div class=\"elementor-element elementor-element-e74067e elementor-widget elementor-widget-image\" data-id=\"e74067e\" data-element_type=\"widget\" data-e-type=\"widget\" data-widget_type=\"image.default\">\n\t\t\t\t<div class=\"elementor-widget-container\">\n\t\t\t\t\t\t\t\t\t\t\t\t\t\t\t<img decoding=\"async\" width=\"750\" height=\"750\" src=\"https:\/\/fpfa.pt\/wp-content\/uploads\/2026\/01\/Renegades-1024x1024.png\" class=\"attachment-large size-large wp-image-6674\" alt=\"\" srcset=\"https:\/\/fpfa.pt\/wp-content\/uploads\/2026\/01\/Renegades-1024x1024.png 1024w, https:\/\/fpfa.pt\/wp-content\/uploads\/2026\/01\/Renegades-300x300.png 300w, https:\/\/fpfa.pt\/wp-content\/uploads\/2026\/01\/Renegades-150x150.png 150w, https:\/\/fpfa.pt\/wp-content\/uploads\/2026\/01\/Renegades-768x768.png 768w, https:\/\/fpfa.pt\/wp-content\/uploads\/2026\/01\/Renegades-12x12.png 12w, https:\/\/fpfa.pt\/wp-content\/uploads\/2026\/01\/Renegades.png 1081w\" sizes=\"(max-width: 750px) 100vw, 750px\" \/>\t\t\t\t\t\t\t\t\t\t\t\t\t\t\t<\/div>\n\t\t\t\t<\/div>\n\t\t\t\t\t<\/div>\n\t\t\t\t<\/div>\n\t\t<div class=\"elementor-element elementor-element-f1ed85e elementor-hidden-desktop elementor-hidden-tablet e-flex e-con-boxed wpr-particle-no wpr-jarallax-no wpr-parallax-no wpr-sticky-section-no e-con e-parent\" data-id=\"f1ed85e\" data-element_type=\"container\" data-e-type=\"container\" data-settings=\"{&quot;background_background&quot;:&quot;classic&quot;}\">\n\t\t\t\t\t<div class=\"e-con-inner\">\n\t\t<div class=\"elementor-element elementor-element-4405e8d e-grid e-con-full wpr-particle-no wpr-jarallax-no wpr-parallax-no wpr-sticky-section-no e-con e-child\" data-id=\"4405e8d\" data-element_type=\"container\" data-e-type=\"container\">\n\t\t\t\t<div class=\"elementor-element elementor-element-60a2dcf elementor-widget elementor-widget-heading\" data-id=\"60a2dcf\" data-element_type=\"widget\" data-e-type=\"widget\" data-widget_type=\"heading.default\">\n\t\t\t\t<div class=\"elementor-widget-container\">\n\t\t\t\t\t<h2 class=\"elementor-heading-title elementor-size-default\">Nome<\/h2>\t\t\t\t<\/div>\n\t\t\t\t<\/div>\n\t\t\t\t<div class=\"elementor-element elementor-element-5735846 elementor-widget elementor-widget-heading\" data-id=\"5735846\" data-element_type=\"widget\" data-e-type=\"widget\" data-widget_type=\"heading.default\">\n\t\t\t\t<div class=\"elementor-widget-container\">\n\t\t\t\t\t<h2 class=\"elementor-heading-title elementor-size-default\">Licen\u00e7a<\/h2>\t\t\t\t<\/div>\n\t\t\t\t<\/div>\n\t\t\t\t<\/div>\n\t\t\t\t\t<\/div>\n\t\t\t\t<\/div>\n\t\t<div class=\"elementor-element elementor-element-6b7fbd7 elementor-hidden-desktop elementor-hidden-tablet e-flex e-con-boxed wpr-particle-no wpr-jarallax-no wpr-parallax-no wpr-sticky-section-no e-con e-parent\" data-id=\"6b7fbd7\" data-element_type=\"container\" data-e-type=\"container\" data-settings=\"{&quot;background_background&quot;:&quot;classic&quot;}\">\n\t\t\t\t\t<div class=\"e-con-inner\">\n\t\t<div class=\"elementor-element elementor-element-5bf1307 e-grid e-con-full wpr-particle-no wpr-jarallax-no wpr-parallax-no wpr-sticky-section-no e-con e-child\" data-id=\"5bf1307\" data-element_type=\"container\" data-e-type=\"container\">\n\t\t\t\t<div class=\"elementor-element elementor-element-034c38e elementor-widget elementor-widget-text-editor\" data-id=\"034c38e\" data-element_type=\"widget\" data-e-type=\"widget\" data-widget_type=\"text-editor.default\">\n\t\t\t\t<div class=\"elementor-widget-container\">\n\t\t\t\t\t\t\t\t\t<table border=\"0\" cellpadding=\"0\" cellspacing=\"0\" width=\"502\"><colgroup><col width=\"415\" \/><col width=\"87\" \/><\/colgroup><tbody><tr height=\"23\"><td height=\"23\" class=\"xl66\" width=\"415\">Marcus Allex Policarpo Carneiro<\/td><td class=\"xl65\" width=\"87\">C23<\/td><\/tr><tr height=\"23\"><td height=\"23\" class=\"xl66\">Kody Lars Brinson<\/td><td class=\"xl65\" width=\"87\">C24<\/td><\/tr><tr height=\"23\"><td height=\"23\" class=\"xl66\">Ant\u00f3nio Pedro Teixeira Coimbra Veloso<\/td><td class=\"xl65\" width=\"87\">C25<\/td><\/tr><tr height=\"23\"><td height=\"23\" class=\"xl66\">Hugo Amaral de Almeida<\/td><td class=\"xl65\" width=\"87\">C26<\/td><\/tr><tr height=\"23\"><td height=\"23\" class=\"xl66\">David Manuel Correia de Melo<\/td><td class=\"xl65\" width=\"87\">C27<\/td><\/tr><tr height=\"23\"><td height=\"23\" class=\"xl66\">Jo\u00e3o Pedro da Silva Pereira<\/td><td class=\"xl65\" width=\"87\">C28<\/td><\/tr><tr height=\"23\"><td height=\"23\" class=\"xl66\">Pedro Xavier Silva Quaresma<\/td><td class=\"xl65\" width=\"87\">C29<\/td><\/tr><\/tbody><\/table>\t\t\t\t\t\t\t\t<\/div>\n\t\t\t\t<\/div>\n\t\t\t\t<\/div>\n\t\t\t\t\t<\/div>\n\t\t\t\t<\/div>\n\t\t\t\t<\/div>","protected":false},"excerpt":{"rendered":"<p>Cart\u00e3o Digital HOME ATLETAS STAFF Nome Licen\u00e7a Marcus Allex Policarpo Carneiro C23 Kody Lars Brinson C24 Ant\u00f3nio Pedro Teixeira Coimbra Veloso C25 Hugo Amaral de Almeida C26 David Manuel Correia de Melo C27 Jo\u00e3o Pedro da Silva Pereira C28 Pedro Xavier Silva Quaresma C29<\/p>","protected":false},"author":1,"featured_media":0,"parent":0,"menu_order":0,"comment_status":"closed","ping_status":"closed","template":"page-templates\/template-pagebuilder-full-width.php","meta":{"_monsterinsights_skip_tracking":false,"_monsterinsights_sitenote_active":false,"_monsterinsights_sitenote_note":"","_monsterinsights_sitenote_category":0,"footnotes":""},"class_list":["post-3974","page","type-page","status-publish","hentry"],"_links":{"self":[{"href":"https:\/\/fpfa.pt\/en\/wp-json\/wp\/v2\/pages\/3974","targetHints":{"allow":["GET"]}}],"collection":[{"href":"https:\/\/fpfa.pt\/en\/wp-json\/wp\/v2\/pages"}],"about":[{"href":"https:\/\/fpfa.pt\/en\/wp-json\/wp\/v2\/types\/page"}],"author":[{"embeddable":true,"href":"https:\/\/fpfa.pt\/en\/wp-json\/wp\/v2\/users\/1"}],"replies":[{"embeddable":true,"href":"https:\/\/fpfa.pt\/en\/wp-json\/wp\/v2\/comments?post=3974"}],"version-history":[{"count":22,"href":"https:\/\/fpfa.pt\/en\/wp-json\/wp\/v2\/pages\/3974\/revisions"}],"predecessor-version":[{"id":7212,"href":"https:\/\/fpfa.pt\/en\/wp-json\/wp\/v2\/pages\/3974\/revisions\/7212"}],"wp:attachment":[{"href":"https:\/\/fpfa.pt\/en\/wp-json\/wp\/v2\/media?parent=3974"}],"curies":[{"name":"wp","href":"https:\/\/api.w.org\/{rel}","templated":true}]}}