{"id":3892,"date":"2025-01-07T12:46:18","date_gmt":"2025-01-07T12:46:18","guid":{"rendered":"https:\/\/fpfa.pt\/?page_id=3892"},"modified":"2026-04-17T13:58:05","modified_gmt":"2026-04-17T13:58:05","slug":"devilsdocsatletas","status":"publish","type":"page","link":"https:\/\/fpfa.pt\/en\/devilsdocsatletas\/","title":{"rendered":"DevilsDocsAtletas"},"content":{"rendered":"<div data-elementor-type=\"wp-page\" data-elementor-id=\"3892\" class=\"elementor elementor-3892\">\n\t\t\t\t<div class=\"elementor-element elementor-element-1a89c33 elementor-hidden-desktop elementor-hidden-tablet e-flex e-con-boxed wpr-particle-no wpr-jarallax-no wpr-parallax-no wpr-sticky-section-no e-con e-parent\" data-id=\"1a89c33\" data-element_type=\"container\" data-e-type=\"container\" data-settings=\"{&quot;background_background&quot;:&quot;classic&quot;}\">\n\t\t\t\t\t<div class=\"e-con-inner\">\n\t\t\t\t<div class=\"elementor-element elementor-element-47eab73 elementor-widget__width-initial elementor-widget elementor-widget-image\" data-id=\"47eab73\" data-element_type=\"widget\" data-e-type=\"widget\" data-widget_type=\"image.default\">\n\t\t\t\t<div class=\"elementor-widget-container\">\n\t\t\t\t\t\t\t\t\t\t\t\t\t\t\t<img fetchpriority=\"high\" decoding=\"async\" width=\"512\" height=\"512\" src=\"https:\/\/fpfa.pt\/wp-content\/uploads\/2025\/05\/cropped-Logo_2025-1.png\" class=\"attachment-full size-full wp-image-5259\" alt=\"\" srcset=\"https:\/\/fpfa.pt\/wp-content\/uploads\/2025\/05\/cropped-Logo_2025-1.png 512w, https:\/\/fpfa.pt\/wp-content\/uploads\/2025\/05\/cropped-Logo_2025-1-300x300.png 300w, https:\/\/fpfa.pt\/wp-content\/uploads\/2025\/05\/cropped-Logo_2025-1-150x150.png 150w, https:\/\/fpfa.pt\/wp-content\/uploads\/2025\/05\/cropped-Logo_2025-1-12x12.png 12w, https:\/\/fpfa.pt\/wp-content\/uploads\/2025\/05\/cropped-Logo_2025-1-270x270.png 270w, https:\/\/fpfa.pt\/wp-content\/uploads\/2025\/05\/cropped-Logo_2025-1-192x192.png 192w, https:\/\/fpfa.pt\/wp-content\/uploads\/2025\/05\/cropped-Logo_2025-1-180x180.png 180w, https:\/\/fpfa.pt\/wp-content\/uploads\/2025\/05\/cropped-Logo_2025-1-32x32.png 32w\" sizes=\"(max-width: 512px) 100vw, 512px\" \/>\t\t\t\t\t\t\t\t\t\t\t\t\t\t\t<\/div>\n\t\t\t\t<\/div>\n\t\t\t\t\t<\/div>\n\t\t\t\t<\/div>\n\t\t<div class=\"elementor-element elementor-element-51edbb4 elementor-hidden-desktop elementor-hidden-tablet e-flex e-con-boxed wpr-particle-no wpr-jarallax-no wpr-parallax-no wpr-sticky-section-no e-con e-parent\" data-id=\"51edbb4\" data-element_type=\"container\" data-e-type=\"container\" data-settings=\"{&quot;background_background&quot;:&quot;classic&quot;}\">\n\t\t\t\t\t<div class=\"e-con-inner\">\n\t\t\t\t<div class=\"elementor-element elementor-element-15d39bd elementor-widget elementor-widget-heading\" data-id=\"15d39bd\" data-element_type=\"widget\" data-e-type=\"widget\" data-widget_type=\"heading.default\">\n\t\t\t\t<div class=\"elementor-widget-container\">\n\t\t\t\t\t<h2 class=\"elementor-heading-title elementor-size-default\">Cart\u00e3o Digital<\/h2>\t\t\t\t<\/div>\n\t\t\t\t<\/div>\n\t\t\t\t\t<\/div>\n\t\t\t\t<\/div>\n\t\t<div class=\"elementor-element elementor-element-e7b0d26 elementor-hidden-desktop elementor-hidden-tablet e-flex e-con-boxed wpr-particle-no wpr-jarallax-no wpr-parallax-no wpr-sticky-section-no e-con e-parent\" data-id=\"e7b0d26\" data-element_type=\"container\" data-e-type=\"container\" data-settings=\"{&quot;background_background&quot;:&quot;classic&quot;}\">\n\t\t\t\t\t<div class=\"e-con-inner\">\n\t\t\t\t<div class=\"elementor-element elementor-element-01c6768 elementor-mobile-align-center elementor-widget elementor-widget-button\" data-id=\"01c6768\" data-element_type=\"widget\" data-e-type=\"widget\" data-widget_type=\"button.default\">\n\t\t\t\t<div class=\"elementor-widget-container\">\n\t\t\t\t\t\t\t\t\t<div class=\"elementor-button-wrapper\">\n\t\t\t\t\t<a class=\"elementor-button elementor-button-link elementor-size-sm\" href=\"https:\/\/fpfa.pt\/en\/cartao-digital\/\">\n\t\t\t\t\t\t<span class=\"elementor-button-content-wrapper\">\n\t\t\t\t\t\t\t\t\t<span class=\"elementor-button-text\">HOME<\/span>\n\t\t\t\t\t<\/span>\n\t\t\t\t\t<\/a>\n\t\t\t\t<\/div>\n\t\t\t\t\t\t\t\t<\/div>\n\t\t\t\t<\/div>\n\t\t\t\t\t<\/div>\n\t\t\t\t<\/div>\n\t\t<div class=\"elementor-element elementor-element-1b12f9c elementor-hidden-desktop elementor-hidden-tablet e-flex e-con-boxed wpr-particle-no wpr-jarallax-no wpr-parallax-no wpr-sticky-section-no e-con e-parent\" data-id=\"1b12f9c\" data-element_type=\"container\" data-e-type=\"container\" data-settings=\"{&quot;background_background&quot;:&quot;classic&quot;}\">\n\t\t\t\t\t<div class=\"e-con-inner\">\n\t\t<div class=\"elementor-element elementor-element-e30df66 e-grid e-con-full wpr-particle-no wpr-jarallax-no wpr-parallax-no wpr-sticky-section-no e-con e-child\" data-id=\"e30df66\" data-element_type=\"container\" data-e-type=\"container\">\n\t\t\t\t<div class=\"elementor-element elementor-element-da65dba elementor-mobile-align-center elementor-widget elementor-widget-button\" data-id=\"da65dba\" data-element_type=\"widget\" data-e-type=\"widget\" data-widget_type=\"button.default\">\n\t\t\t\t<div class=\"elementor-widget-container\">\n\t\t\t\t\t\t\t\t\t<div class=\"elementor-button-wrapper\">\n\t\t\t\t\t<a class=\"elementor-button elementor-button-link elementor-size-sm\" href=\"https:\/\/fpfa.pt\/en\/devilsdocscoachingstaff\/\">\n\t\t\t\t\t\t<span class=\"elementor-button-content-wrapper\">\n\t\t\t\t\t\t\t\t\t<span class=\"elementor-button-text\">COACHING STAFF<\/span>\n\t\t\t\t\t<\/span>\n\t\t\t\t\t<\/a>\n\t\t\t\t<\/div>\n\t\t\t\t\t\t\t\t<\/div>\n\t\t\t\t<\/div>\n\t\t\t\t<div class=\"elementor-element elementor-element-b864f62 elementor-mobile-align-center elementor-widget elementor-widget-button\" data-id=\"b864f62\" data-element_type=\"widget\" data-e-type=\"widget\" data-widget_type=\"button.default\">\n\t\t\t\t<div class=\"elementor-widget-container\">\n\t\t\t\t\t\t\t\t\t<div class=\"elementor-button-wrapper\">\n\t\t\t\t\t<a class=\"elementor-button elementor-button-link elementor-size-sm\" href=\"https:\/\/fpfa.pt\/en\/devilsdocsstaff\/\">\n\t\t\t\t\t\t<span class=\"elementor-button-content-wrapper\">\n\t\t\t\t\t\t\t\t\t<span class=\"elementor-button-text\">STAFF<\/span>\n\t\t\t\t\t<\/span>\n\t\t\t\t\t<\/a>\n\t\t\t\t<\/div>\n\t\t\t\t\t\t\t\t<\/div>\n\t\t\t\t<\/div>\n\t\t\t\t<\/div>\n\t\t\t\t\t<\/div>\n\t\t\t\t<\/div>\n\t\t<div class=\"elementor-element elementor-element-9ba7d51 elementor-hidden-desktop elementor-hidden-tablet e-flex e-con-boxed wpr-particle-no wpr-jarallax-no wpr-parallax-no wpr-sticky-section-no e-con e-parent\" data-id=\"9ba7d51\" data-element_type=\"container\" data-e-type=\"container\" data-settings=\"{&quot;background_background&quot;:&quot;classic&quot;}\">\n\t\t\t\t\t<div class=\"e-con-inner\">\n\t\t\t\t<div class=\"elementor-element elementor-element-0506e16 elementor-widget elementor-widget-image\" data-id=\"0506e16\" data-element_type=\"widget\" data-e-type=\"widget\" data-widget_type=\"image.default\">\n\t\t\t\t<div class=\"elementor-widget-container\">\n\t\t\t\t\t\t\t\t\t\t\t\t\t\t\t<img decoding=\"async\" width=\"256\" height=\"256\" src=\"https:\/\/fpfa.pt\/wp-content\/uploads\/2026\/02\/devils_2025_small.png\" class=\"attachment-large size-large wp-image-6990\" alt=\"\" srcset=\"https:\/\/fpfa.pt\/wp-content\/uploads\/2026\/02\/devils_2025_small.png 256w, https:\/\/fpfa.pt\/wp-content\/uploads\/2026\/02\/devils_2025_small-150x150.png 150w, https:\/\/fpfa.pt\/wp-content\/uploads\/2026\/02\/devils_2025_small-12x12.png 12w\" sizes=\"(max-width: 256px) 100vw, 256px\" \/>\t\t\t\t\t\t\t\t\t\t\t\t\t\t\t<\/div>\n\t\t\t\t<\/div>\n\t\t\t\t\t<\/div>\n\t\t\t\t<\/div>\n\t\t<div class=\"elementor-element elementor-element-7ece593 elementor-hidden-desktop elementor-hidden-tablet e-flex e-con-boxed wpr-particle-no wpr-jarallax-no wpr-parallax-no wpr-sticky-section-no e-con e-parent\" data-id=\"7ece593\" data-element_type=\"container\" data-e-type=\"container\" data-settings=\"{&quot;background_background&quot;:&quot;classic&quot;}\">\n\t\t\t\t\t<div class=\"e-con-inner\">\n\t\t<div class=\"elementor-element elementor-element-ab6921a e-grid e-con-full wpr-particle-no wpr-jarallax-no wpr-parallax-no wpr-sticky-section-no e-con e-child\" data-id=\"ab6921a\" data-element_type=\"container\" data-e-type=\"container\">\n\t\t\t\t<div class=\"elementor-element elementor-element-f42f9a3 elementor-widget elementor-widget-heading\" data-id=\"f42f9a3\" data-element_type=\"widget\" data-e-type=\"widget\" data-widget_type=\"heading.default\">\n\t\t\t\t<div class=\"elementor-widget-container\">\n\t\t\t\t\t<h2 class=\"elementor-heading-title elementor-size-default\">Nome<\/h2>\t\t\t\t<\/div>\n\t\t\t\t<\/div>\n\t\t\t\t<div class=\"elementor-element elementor-element-6777b49 elementor-widget elementor-widget-heading\" data-id=\"6777b49\" data-element_type=\"widget\" data-e-type=\"widget\" data-widget_type=\"heading.default\">\n\t\t\t\t<div class=\"elementor-widget-container\">\n\t\t\t\t\t<h2 class=\"elementor-heading-title elementor-size-default\">Licen\u00e7a<\/h2>\t\t\t\t<\/div>\n\t\t\t\t<\/div>\n\t\t\t\t<\/div>\n\t\t\t\t\t<\/div>\n\t\t\t\t<\/div>\n\t\t<div class=\"elementor-element elementor-element-013e177 elementor-hidden-desktop elementor-hidden-tablet e-flex e-con-boxed wpr-particle-no wpr-jarallax-no wpr-parallax-no wpr-sticky-section-no e-con e-parent\" data-id=\"013e177\" data-element_type=\"container\" data-e-type=\"container\" data-settings=\"{&quot;background_background&quot;:&quot;classic&quot;}\">\n\t\t\t\t\t<div class=\"e-con-inner\">\n\t\t<div class=\"elementor-element elementor-element-a2c5fa2 e-grid e-con-full wpr-particle-no wpr-jarallax-no wpr-parallax-no wpr-sticky-section-no e-con e-child\" data-id=\"a2c5fa2\" data-element_type=\"container\" data-e-type=\"container\">\n\t\t\t\t<div class=\"elementor-element elementor-element-f100ad1 elementor-widget elementor-widget-text-editor\" data-id=\"f100ad1\" data-element_type=\"widget\" data-e-type=\"widget\" data-widget_type=\"text-editor.default\">\n\t\t\t\t<div class=\"elementor-widget-container\">\n\t\t\t\t\t\t\t\t\t<table border=\"0\" cellpadding=\"0\" cellspacing=\"0\" width=\"582\"><colgroup><col width=\"495\" \/><col width=\"87\" \/><\/colgroup><tbody><tr height=\"20\"><td height=\"20\" class=\"xl67\" width=\"495\">Afonso Amadeu do Serro Bernardes Lucas<\/td><td class=\"xl66\" width=\"87\">A1<\/td><\/tr><tr height=\"20\"><td height=\"20\" class=\"xl67\">Alexandre Henrique Baptista<\/td><td class=\"xl66\" width=\"87\">A2<\/td><\/tr><tr height=\"20\"><td height=\"20\" class=\"xl67\">Andr\u00e9 Cepeda Fraga<\/td><td class=\"xl66\" width=\"87\">A3<\/td><\/tr><tr height=\"20\"><td height=\"20\" class=\"xl67\">Antoine Diego Fernandez<\/td><td class=\"xl66\" width=\"87\">A4<\/td><\/tr><tr height=\"20\"><td height=\"20\" class=\"xl67\">Antonio Bernardo Santos Silva da Costa Cabral<\/td><td class=\"xl66\" width=\"87\">A5<\/td><\/tr><tr height=\"20\"><td height=\"20\" class=\"xl67\">Ashmmad Christopher Thelasco<\/td><td class=\"xl66\" width=\"87\">A6<\/td><\/tr><tr height=\"20\"><td height=\"20\" class=\"xl67\">Bernardo Ripper Solipa<\/td><td class=\"xl66\" width=\"87\">A7<\/td><\/tr><tr height=\"20\"><td height=\"20\" class=\"xl67\">Bruno Alexandre de Oliveira Beiramar<\/td><td class=\"xl66\" width=\"87\">A8<\/td><\/tr><tr height=\"20\"><td height=\"20\" class=\"xl67\">Bruno Miguel dos Santos Guerreiro<\/td><td class=\"xl66\" width=\"87\">A9<\/td><\/tr><tr height=\"20\"><td height=\"20\" class=\"xl67\">Carlos Alexandre Santos Neves<\/td><td class=\"xl66\" width=\"87\">A10<\/td><\/tr><tr height=\"20\"><td height=\"20\" class=\"xl67\">Diego Andrade Lima<\/td><td class=\"xl66\" width=\"87\">A11<\/td><\/tr><tr height=\"20\"><td height=\"20\" class=\"xl67\">Edilson Matos Gourgel<\/td><td class=\"xl66\" width=\"87\">A12<\/td><\/tr><tr height=\"20\"><td height=\"20\" class=\"xl67\">F\u00e1bio Osvaldo Antunes<\/td><td class=\"xl66\" width=\"87\">A13<\/td><\/tr><tr height=\"20\"><td height=\"20\" class=\"xl67\">Fernando Henrique Nunes<\/td><td class=\"xl66\" width=\"87\">A14<\/td><\/tr><tr height=\"20\"><td height=\"20\" class=\"xl67\">Francisco Oliveira Santinho Rosa<\/td><td class=\"xl66\" width=\"87\">A15<\/td><\/tr><tr height=\"20\"><td height=\"20\" class=\"xl67\">Gon\u00e7alo Duarte Ant\u00f3nio Rovisco<\/td><td class=\"xl66\" width=\"87\">A16<\/td><\/tr><tr height=\"20\"><td height=\"20\" class=\"xl67\">Gon\u00e7alo Lopes Dias<\/td><td class=\"xl66\" width=\"87\">A17<\/td><\/tr><tr height=\"20\"><td height=\"20\" class=\"xl67\">Guilherme De Jesus Maio<\/td><td class=\"xl66\" width=\"87\">A18<\/td><\/tr><tr height=\"20\"><td height=\"20\" class=\"xl67\">Guilherme Maria Quaresma dos Santos Sequeira<\/td><td class=\"xl66\" width=\"87\">A19<\/td><\/tr><tr height=\"20\"><td height=\"20\" class=\"xl67\">Guilherme Ripper Solipa<\/td><td class=\"xl66\" width=\"87\">A20<\/td><\/tr><tr height=\"20\"><td height=\"20\" class=\"xl67\">Iago Barbosa de Souza<\/td><td class=\"xl66\" width=\"87\">A21<\/td><\/tr><tr height=\"20\"><td height=\"20\" class=\"xl67\">Jackson Lima de Oliveira<\/td><td class=\"xl66\" width=\"87\">A22<\/td><\/tr><tr height=\"20\"><td height=\"20\" class=\"xl67\">Jesu\u00edno Fernandes Tiny Furtado<\/td><td class=\"xl66\" width=\"87\">A23<\/td><\/tr><tr height=\"20\"><td height=\"20\" class=\"xl67\">Jo\u00e3o Lu\u00eds Pires Dias<\/td><td class=\"xl66\" width=\"87\">A24<\/td><\/tr><tr height=\"20\"><td height=\"20\" class=\"xl67\">Jo\u00e3o Miguel da Costa Afonso<\/td><td class=\"xl66\" width=\"87\">A25<\/td><\/tr><tr height=\"20\"><td height=\"20\" class=\"xl67\">Jo\u00e3o Pedro Pereira Figueiredo<\/td><td class=\"xl66\" width=\"87\">A26<\/td><\/tr><tr height=\"20\"><td height=\"20\" class=\"xl67\">Jo\u00e3o S\u00e9rgio Boi\u00e7a Alfredo<\/td><td class=\"xl66\" width=\"87\">A27<\/td><\/tr><tr height=\"20\"><td height=\"20\" class=\"xl67\">Leonardo Alexandre Salgueiro Morais<\/td><td class=\"xl66\" width=\"87\">A28<\/td><\/tr><tr height=\"20\"><td height=\"20\" class=\"xl67\">Leonardo Silva Franc\u00eas<\/td><td class=\"xl66\" width=\"87\">A29<\/td><\/tr><tr height=\"20\"><td height=\"20\" class=\"xl67\">Luan Mateus Anuncia\u00e7\u00e3o de Arruda<\/td><td class=\"xl66\" width=\"87\">A30<\/td><\/tr><tr height=\"20\"><td height=\"20\" class=\"xl67\">Lucas Marinha de Souza<\/td><td class=\"xl66\" width=\"87\">A31<\/td><\/tr><tr height=\"20\"><td height=\"20\" class=\"xl67\">Luis Filipe Valente Rodrigues<\/td><td class=\"xl66\" width=\"87\">A32<\/td><\/tr><tr height=\"20\"><td height=\"20\" class=\"xl67\">Marco Andr\u00e9 da Costa Quedas Gil<\/td><td class=\"xl66\" width=\"87\">A33<\/td><\/tr><tr height=\"20\"><td height=\"20\" class=\"xl67\">Marlon Correia Cassam\u00e1<\/td><td class=\"xl66\" width=\"87\">A34<\/td><\/tr><tr height=\"20\"><td height=\"20\" class=\"xl67\">N\u00edlton Ac\u00e1cio Vasconcelos Soares dos\u00a0Santos<\/td><td class=\"xl66\" width=\"87\">A35<\/td><\/tr><tr height=\"20\"><td height=\"20\" class=\"xl67\">Nuno da Costa Alexandre Agostinho<\/td><td class=\"xl66\" width=\"87\">A36<\/td><\/tr><tr height=\"20\"><td height=\"20\" class=\"xl67\">Olivio Sory Lopes Sani<\/td><td class=\"xl66\" width=\"87\">A37<\/td><\/tr><tr height=\"20\"><td height=\"20\" class=\"xl67\">Pedro Henrque Leit\u00e3o Figueiras<\/td><td class=\"xl66\" width=\"87\">A38<\/td><\/tr><tr height=\"20\"><td height=\"20\" class=\"xl67\">Pedro Jorge Pereira da Silva<\/td><td class=\"xl66\" width=\"87\">A39<\/td><\/tr><tr height=\"20\"><td height=\"20\" class=\"xl67\">Pedro Lacerda da Costa<\/td><td class=\"xl66\" width=\"87\">A40<\/td><\/tr><tr height=\"20\"><td height=\"20\" class=\"xl67\">Ph\u00e9u Evandro Fernandes Mendes\u00a0<\/td><td class=\"xl66\" width=\"87\">A41<\/td><\/tr><tr height=\"20\"><td height=\"20\" class=\"xl67\">Rafael F\u00e1varo Pansini<\/td><td class=\"xl66\" width=\"87\">A42<\/td><\/tr><tr height=\"20\"><td height=\"20\" class=\"xl67\">Rammy dos Santos Pombal<\/td><td class=\"xl66\" width=\"87\">A43<\/td><\/tr><tr height=\"20\"><td height=\"20\" class=\"xl67\">Revilino Domingos Garcia Varela<\/td><td class=\"xl66\" width=\"87\">A44<\/td><\/tr><tr height=\"20\"><td height=\"20\" class=\"xl67\">R\u00faben Miguel Teixeira Domingos<\/td><td class=\"xl66\" width=\"87\">A45<\/td><\/tr><tr height=\"20\"><td height=\"20\" class=\"xl67\">Rui Pedro Santo Neves<\/td><td class=\"xl66\" width=\"87\">A46<\/td><\/tr><tr height=\"20\"><td height=\"20\" class=\"xl67\">Thomas-Anthony Anessiadis<\/td><td class=\"xl66\" width=\"87\">A47<\/td><\/tr><tr height=\"20\"><td height=\"20\" class=\"xl67\">Miguel \u00c2ngelo Sousa Rodrigues<\/td><td class=\"xl66\" width=\"87\">A48<\/td><\/tr><tr height=\"20\"><td height=\"20\" class=\"xl67\">David Miguel Nunes Figueiredo<\/td><td class=\"xl66\" width=\"87\">A49<\/td><\/tr><tr height=\"20\"><td height=\"20\" class=\"xl67\">Jo\u00e3o Rodrigo da Costa Agostinho<\/td><td class=\"xl66\" width=\"87\">A50<\/td><\/tr><tr height=\"20\"><td height=\"20\" class=\"xl67\">Jordan Ward Vieira<\/td><td class=\"xl66\" width=\"87\">A51<\/td><\/tr><tr height=\"20\"><td height=\"20\" class=\"xl67\">Milton Mateus Marqu\u00eas<\/td><td class=\"xl66\" width=\"87\">A52<\/td><\/tr><tr height=\"20\"><td height=\"20\" class=\"xl67\">Boris Picard<\/td><td class=\"xl66\" width=\"87\">A53<\/td><\/tr><tr height=\"20\"><td height=\"20\" class=\"xl68\">Austin Davis LeDuc<\/td><td class=\"xl66\" width=\"87\">A308<\/td><\/tr><tr height=\"20\"><td height=\"20\" class=\"xl67\">Filipe Alves Franco Alixandria<\/td><td class=\"xl66\" width=\"87\">A329<\/td><\/tr><tr height=\"20\"><td height=\"20\" class=\"xl67\">David Manuel Lopes Caeiro Martins<\/td><td class=\"xl66\" width=\"87\">A330<\/td><\/tr><tr height=\"20\"><td height=\"20\" class=\"xl67\">Paul Graham Polson<\/td><td class=\"xl66\" width=\"87\">A331<\/td><\/tr><tr height=\"20\"><td height=\"20\" class=\"xl67\">Igor Marques Lopes<\/td><td class=\"xl66\" width=\"87\">A332<\/td><\/tr><tr height=\"20\"><td height=\"20\" class=\"xl67\">Rui Miguel Rosa Amador Esteves Da Costa<\/td><td class=\"xl66\" width=\"87\">A342<\/td><\/tr><\/tbody><\/table>\t\t\t\t\t\t\t\t<\/div>\n\t\t\t\t<\/div>\n\t\t\t\t<\/div>\n\t\t\t\t\t<\/div>\n\t\t\t\t<\/div>\n\t\t\t\t<\/div>","protected":false},"excerpt":{"rendered":"<p>Cart\u00e3o Digital HOME COACHING STAFF STAFF Nome Licen\u00e7a Afonso Amadeu do Serro Bernardes Lucas A1 Alexandre Henrique Baptista A2 Andr\u00e9 Cepeda Fraga A3 Antoine Diego Fernandez A4 Antonio Bernardo Santos Silva da Costa Cabral A5 Ashmmad Christopher Thelasco A6 Bernardo Ripper Solipa A7 Bruno Alexandre de Oliveira Beiramar A8 Bruno<\/p>","protected":false},"author":1,"featured_media":0,"parent":0,"menu_order":0,"comment_status":"closed","ping_status":"closed","template":"elementor_header_footer","meta":{"_monsterinsights_skip_tracking":false,"_monsterinsights_sitenote_active":false,"_monsterinsights_sitenote_note":"","_monsterinsights_sitenote_category":0,"footnotes":""},"class_list":["post-3892","page","type-page","status-publish","hentry"],"_links":{"self":[{"href":"https:\/\/fpfa.pt\/en\/wp-json\/wp\/v2\/pages\/3892","targetHints":{"allow":["GET"]}}],"collection":[{"href":"https:\/\/fpfa.pt\/en\/wp-json\/wp\/v2\/pages"}],"about":[{"href":"https:\/\/fpfa.pt\/en\/wp-json\/wp\/v2\/types\/page"}],"author":[{"embeddable":true,"href":"https:\/\/fpfa.pt\/en\/wp-json\/wp\/v2\/users\/1"}],"replies":[{"embeddable":true,"href":"https:\/\/fpfa.pt\/en\/wp-json\/wp\/v2\/comments?post=3892"}],"version-history":[{"count":70,"href":"https:\/\/fpfa.pt\/en\/wp-json\/wp\/v2\/pages\/3892\/revisions"}],"predecessor-version":[{"id":8420,"href":"https:\/\/fpfa.pt\/en\/wp-json\/wp\/v2\/pages\/3892\/revisions\/8420"}],"wp:attachment":[{"href":"https:\/\/fpfa.pt\/en\/wp-json\/wp\/v2\/media?parent=3892"}],"curies":[{"name":"wp","href":"https:\/\/api.w.org\/{rel}","templated":true}]}}